{"id":822,"date":"2015-06-30T17:42:22","date_gmt":"2015-06-30T15:42:22","guid":{"rendered":"https:\/\/www.plasticsurgery.fi\/?page_id=822"},"modified":"2024-06-10T11:30:03","modified_gmt":"2024-06-10T09:30:03","slug":"%d0%bf%d0%b5%d1%80%d1%81%d0%be%d0%bd%d0%b0%d0%bb","status":"publish","type":"page","link":"https:\/\/www.plasticsurgery.fi\/ru\/%d0%bf%d0%b5%d1%80%d1%81%d0%be%d0%bd%d0%b0%d0%bb\/","title":{"rendered":"\u041f\u0435\u0440\u0441\u043e\u043d\u0430\u043b"},"content":{"rendered":"<p>[et_pb_section fb_built=&#187;1&#8243; admin_label=&#187;section&#187; _builder_version=&#187;4.16&#8243; global_colors_info=&#187;{}&#187;][et_pb_row admin_label=&#187;row&#187; _builder_version=&#187;4.16&#8243; background_size=&#187;initial&#187; background_position=&#187;top_left&#187; background_repeat=&#187;repeat&#187; global_colors_info=&#187;{}&#187;][et_pb_column type=&#187;4_4&#8243; _builder_version=&#187;4.16&#8243; custom_padding=&#187;|||&#187; global_colors_info=&#187;{}&#187; custom_padding__hover=&#187;|||&#187;][et_pb_image src=&#187;https:\/\/www.plasticsurgery.fi\/wp-content\/uploads\/2015\/06\/henkilokuntakuva.jpg&#187; align_tablet=&#187;center&#187; align_phone=&#187;&#187; align_last_edited=&#187;on|desktop&#187; admin_label=&#187;Image&#187; _builder_version=&#187;4.16&#8243; animation_style=&#187;fade&#187; animation_duration=&#187;500ms&#187; sticky=&#187;off&#187; use_border_color=&#187;off&#187; border_color=&#187;#ffffff&#187; border_style=&#187;solid&#187; always_center_on_mobile=&#187;on&#187; global_colors_info=&#187;{}&#187;][\/et_pb_image][et_pb_divider show_divider=&#187;off&#187; disabled_on=&#187;on|on|off&#187; admin_label=&#187;Divider&#187; _builder_version=&#187;4.16&#8243; hide_on_mobile=&#187;on&#187; global_colors_info=&#187;{}&#187;][\/et_pb_divider][\/et_pb_column][\/et_pb_row][et_pb_row column_structure=&#187;1_3,2_3&#8243; admin_label=&#187;row&#187; _builder_version=&#187;4.16&#8243; background_size=&#187;initial&#187; background_position=&#187;top_left&#187; background_repeat=&#187;repeat&#187; global_colors_info=&#187;{}&#187;][et_pb_column type=&#187;1_3&#8243; _builder_version=&#187;4.16&#8243; custom_padding=&#187;|||&#187; global_colors_info=&#187;{}&#187; custom_padding__hover=&#187;|||&#187;][et_pb_image src=&#187;https:\/\/www.plasticsurgery.fi\/wp-content\/uploads\/2015\/06\/hocker.jpg&#187; align_tablet=&#187;center&#187; align_phone=&#187;&#187; align_last_edited=&#187;on|desktop&#187; admin_label=&#187;Image&#187; _builder_version=&#187;4.16&#8243; animation_style=&#187;fade&#187; animation_duration=&#187;500ms&#187; sticky=&#187;off&#187; use_border_color=&#187;off&#187; border_color=&#187;#ffffff&#187; border_style=&#187;solid&#187; always_center_on_mobile=&#187;on&#187; global_colors_info=&#187;{}&#187;][\/et_pb_image][\/et_pb_column][et_pb_column type=&#187;2_3&#8243; _builder_version=&#187;4.16&#8243; custom_padding=&#187;|||&#187; global_colors_info=&#187;{}&#187; custom_padding__hover=&#187;|||&#187;][et_pb_text admin_label=&#187;Anna H\u00f6ckerstedt&#187; _builder_version=&#187;4.16&#8243; background_size=&#187;initial&#187; background_position=&#187;top_left&#187; background_repeat=&#187;repeat&#187; use_border_color=&#187;off&#187; border_color=&#187;#ffffff&#187; border_style=&#187;solid&#187; global_colors_info=&#187;{}&#187;]<\/p>\n<h3>Anna H\u00f6ckerstedt, LT, plastiikkakirurgian erikoisl\u00e4\u00e4k\u00e4ri<\/h3>\n<p>[\/et_pb_text][\/et_pb_column][\/et_pb_row][et_pb_row column_structure=&#187;1_3,2_3&#8243; admin_label=&#187;row&#187; _builder_version=&#187;4.16&#8243; background_size=&#187;initial&#187; background_position=&#187;top_left&#187; background_repeat=&#187;repeat&#187; global_colors_info=&#187;{}&#187;][et_pb_column type=&#187;1_3&#8243; _builder_version=&#187;4.16&#8243; custom_padding=&#187;|||&#187; global_colors_info=&#187;{}&#187; custom_padding__hover=&#187;|||&#187;][et_pb_image src=&#187;https:\/\/www.plasticsurgery.fi\/wp-content\/uploads\/2015\/06\/Pihlamaa-Tiia-21.jpg&#187; align_tablet=&#187;center&#187; align_phone=&#187;&#187; align_last_edited=&#187;on|desktop&#187; admin_label=&#187;Image&#187; _builder_version=&#187;4.16&#8243; animation_style=&#187;fade&#187; animation_duration=&#187;500ms&#187; sticky=&#187;off&#187; use_border_color=&#187;off&#187; border_color=&#187;#ffffff&#187; border_style=&#187;solid&#187; always_center_on_mobile=&#187;on&#187; global_colors_info=&#187;{}&#187;][\/et_pb_image][\/et_pb_column][et_pb_column type=&#187;2_3&#8243; _builder_version=&#187;4.16&#8243; custom_padding=&#187;|||&#187; global_colors_info=&#187;{}&#187; custom_padding__hover=&#187;|||&#187;][et_pb_text admin_label=&#187;Tiia&#187; _builder_version=&#187;4.16&#8243; background_size=&#187;initial&#187; background_position=&#187;top_left&#187; background_repeat=&#187;repeat&#187; use_border_color=&#187;off&#187; border_color=&#187;#ffffff&#187; border_style=&#187;solid&#187; global_colors_info=&#187;{}&#187;]<\/p>\n<h3>Tri.\u00a0Tiia Pihlamaa, plastiikkakirurgi<\/h3>\n<p>[\/et_pb_text][\/et_pb_column][\/et_pb_row][et_pb_row column_structure=&#187;1_3,2_3&#8243; admin_label=&#187;row&#187; _builder_version=&#187;4.16&#8243; background_size=&#187;initial&#187; background_position=&#187;top_left&#187; background_repeat=&#187;repeat&#187; global_colors_info=&#187;{}&#187;][et_pb_column type=&#187;1_3&#8243; _builder_version=&#187;4.16&#8243; custom_padding=&#187;|||&#187; global_colors_info=&#187;{}&#187; custom_padding__hover=&#187;|||&#187;][et_pb_image src=&#187;https:\/\/www.plasticsurgery.fi\/wp-content\/uploads\/2015\/06\/heidi_lilja.jpg&#187; align_tablet=&#187;center&#187; align_phone=&#187;&#187; align_last_edited=&#187;on|desktop&#187; admin_label=&#187;Image&#187; _builder_version=&#187;4.16&#8243; animation_style=&#187;fade&#187; animation_duration=&#187;500ms&#187; sticky=&#187;off&#187; use_border_color=&#187;off&#187; border_color=&#187;#ffffff&#187; border_style=&#187;solid&#187; always_center_on_mobile=&#187;on&#187; global_colors_info=&#187;{}&#187;][\/et_pb_image][\/et_pb_column][et_pb_column type=&#187;2_3&#8243; _builder_version=&#187;4.16&#8243; custom_padding=&#187;|||&#187; global_colors_info=&#187;{}&#187; custom_padding__hover=&#187;|||&#187;][et_pb_text admin_label=&#187;Heidi Lilja&#187; _builder_version=&#187;4.16&#8243; background_size=&#187;initial&#187; background_position=&#187;top_left&#187; background_repeat=&#187;repeat&#187; use_border_color=&#187;off&#187; border_color=&#187;#ffffff&#187; border_style=&#187;solid&#187; global_colors_info=&#187;{}&#187;]<\/p>\n<h3>Heidi Lilja, LT, yleiskirurgian erikoisl\u00e4\u00e4k\u00e4ri<\/h3>\n<ul>\n<li>kirurgiset toimenpiteet<\/li>\n<li>gynekomastia<\/li>\n<li>lasertoimenpiteet<\/li>\n<li>rasvaimu<\/li>\n<li>injektiohoidot<\/li>\n<\/ul>\n<p>[\/et_pb_text][\/et_pb_column][\/et_pb_row][et_pb_row column_structure=&#187;1_3,2_3&#8243; admin_label=&#187;row&#187; _builder_version=&#187;4.16&#8243; background_size=&#187;initial&#187; background_position=&#187;top_left&#187; background_repeat=&#187;repeat&#187; global_colors_info=&#187;{}&#187;][et_pb_column type=&#187;1_3&#8243; _builder_version=&#187;4.16&#8243; custom_padding=&#187;|||&#187; global_colors_info=&#187;{}&#187; custom_padding__hover=&#187;|||&#187;][et_pb_image src=&#187;https:\/\/www.plasticsurgery.fi\/wp-content\/uploads\/2015\/06\/eero-naveri-176-1.jpg&#187; align_tablet=&#187;center&#187; align_phone=&#187;&#187; align_last_edited=&#187;on|desktop&#187; admin_label=&#187;Image&#187; _builder_version=&#187;4.16&#8243; animation_style=&#187;fade&#187; animation_duration=&#187;500ms&#187; sticky=&#187;off&#187; use_border_color=&#187;off&#187; border_color=&#187;#ffffff&#187; border_style=&#187;solid&#187; always_center_on_mobile=&#187;on&#187; global_colors_info=&#187;{}&#187;][\/et_pb_image][\/et_pb_column][et_pb_column type=&#187;2_3&#8243; _builder_version=&#187;4.16&#8243; custom_padding=&#187;|||&#187; global_colors_info=&#187;{}&#187; custom_padding__hover=&#187;|||&#187;][et_pb_text admin_label=&#187;Eero&#187; _builder_version=&#187;4.16&#8243; background_size=&#187;initial&#187; background_position=&#187;top_left&#187; background_repeat=&#187;repeat&#187; use_border_color=&#187;off&#187; border_color=&#187;#ffffff&#187; border_style=&#187;solid&#187; global_colors_info=&#187;{}&#187;]<\/p>\n<h3>Tri. Eero N\u00e4veri, MD, LL, anestesiologian erikoisl\u00e4\u00e4k\u00e4ri<\/h3>\n<p>[\/et_pb_text][\/et_pb_column][\/et_pb_row][et_pb_row column_structure=&#187;1_3,2_3&#8243; admin_label=&#187;row&#187; _builder_version=&#187;4.16&#8243; background_size=&#187;initial&#187; background_position=&#187;top_left&#187; background_repeat=&#187;repeat&#187; global_colors_info=&#187;{}&#187;][et_pb_column type=&#187;1_3&#8243; _builder_version=&#187;4.16&#8243; custom_padding=&#187;|||&#187; global_colors_info=&#187;{}&#187; custom_padding__hover=&#187;|||&#187;][et_pb_image src=&#187;https:\/\/www.plasticsurgery.fi\/wp-content\/uploads\/2015\/06\/kari_norrio-1.jpg&#187; alt=&#187;Kari Norrio&#187; align_tablet=&#187;center&#187; align_phone=&#187;&#187; align_last_edited=&#187;on|desktop&#187; admin_label=&#187;Image&#187; _builder_version=&#187;4.16&#8243; animation_style=&#187;fade&#187; animation_duration=&#187;500ms&#187; sticky=&#187;off&#187; use_border_color=&#187;off&#187; border_color=&#187;#ffffff&#187; border_style=&#187;solid&#187; always_center_on_mobile=&#187;on&#187; global_colors_info=&#187;{}&#187;][\/et_pb_image][\/et_pb_column][et_pb_column type=&#187;2_3&#8243; _builder_version=&#187;4.16&#8243; custom_padding=&#187;|||&#187; global_colors_info=&#187;{}&#187; custom_padding__hover=&#187;|||&#187;][et_pb_text admin_label=&#187;Kari Norrio&#187; _builder_version=&#187;4.16&#8243; background_size=&#187;initial&#187; background_position=&#187;top_left&#187; background_repeat=&#187;repeat&#187; use_border_color=&#187;off&#187; border_color=&#187;#ffffff&#187; border_style=&#187;solid&#187; global_colors_info=&#187;{}&#187;]<\/p>\n<h3>Kari Norrio, anestesial\u00e4\u00e4k\u00e4ri<\/h3>\n<p>[\/et_pb_text][\/et_pb_column][\/et_pb_row][et_pb_row column_structure=&#187;1_3,2_3&#8243; admin_label=&#187;row&#187; _builder_version=&#187;4.16&#8243; background_size=&#187;initial&#187; background_position=&#187;top_left&#187; background_repeat=&#187;repeat&#187; global_colors_info=&#187;{}&#187;][et_pb_column type=&#187;1_3&#8243; _builder_version=&#187;4.16&#8243; custom_padding=&#187;|||&#187; global_colors_info=&#187;{}&#187; custom_padding__hover=&#187;|||&#187;][et_pb_image src=&#187;https:\/\/www.plasticsurgery.fi\/wp-content\/uploads\/2015\/07\/no-picture.jpg&#187; align_tablet=&#187;center&#187; align_phone=&#187;&#187; align_last_edited=&#187;on|desktop&#187; admin_label=&#187;Image&#187; _builder_version=&#187;4.16&#8243; animation_style=&#187;fade&#187; animation_duration=&#187;500ms&#187; sticky=&#187;off&#187; use_border_color=&#187;off&#187; border_color=&#187;#ffffff&#187; border_style=&#187;solid&#187; always_center_on_mobile=&#187;on&#187; global_colors_info=&#187;{}&#187;][\/et_pb_image][\/et_pb_column][et_pb_column type=&#187;2_3&#8243; _builder_version=&#187;4.16&#8243; custom_padding=&#187;|||&#187; global_colors_info=&#187;{}&#187; custom_padding__hover=&#187;|||&#187;][et_pb_text admin_label=&#187;Alina&#187; _builder_version=&#187;4.16&#8243; background_size=&#187;initial&#187; background_position=&#187;top_left&#187; background_repeat=&#187;repeat&#187; use_border_color=&#187;off&#187; border_color=&#187;#ffffff&#187; border_style=&#187;solid&#187; global_colors_info=&#187;{}&#187;]<\/p>\n<h3>Alina Bregman, sairaanhoitaja esteettiset toimenpiteet <\/h3>\n<p>[\/et_pb_text][\/et_pb_column][\/et_pb_row][et_pb_row column_structure=&#187;1_3,2_3&#8243; admin_label=&#187;row&#187; _builder_version=&#187;4.16&#8243; background_size=&#187;initial&#187; background_position=&#187;top_left&#187; background_repeat=&#187;repeat&#187; global_colors_info=&#187;{}&#187;][et_pb_column type=&#187;1_3&#8243; _builder_version=&#187;4.16&#8243; custom_padding=&#187;|||&#187; global_colors_info=&#187;{}&#187; custom_padding__hover=&#187;|||&#187;][et_pb_image src=&#187;https:\/\/www.plasticsurgery.fi\/wp-content\/uploads\/2023\/01\/Anni-2-260&#215;300.jpeg&#187; alt=&#187;Anni Penttinen&#187; align_tablet=&#187;center&#187; align_phone=&#187;&#187; align_last_edited=&#187;on|desktop&#187; admin_label=&#187;Image&#187; _builder_version=&#187;4.19.4&#8243; width=&#187;55%&#187; animation_style=&#187;fade&#187; animation_duration=&#187;500ms&#187; sticky=&#187;off&#187; use_border_color=&#187;off&#187; border_color=&#187;#ffffff&#187; border_style=&#187;solid&#187; always_center_on_mobile=&#187;on&#187; global_colors_info=&#187;{}&#187;][\/et_pb_image][\/et_pb_column][et_pb_column type=&#187;2_3&#8243; _builder_version=&#187;4.16&#8243; custom_padding=&#187;|||&#187; global_colors_info=&#187;{}&#187; custom_padding__hover=&#187;|||&#187;][et_pb_text admin_label=&#187;Anni Penttinen&#187; _builder_version=&#187;4.16&#8243; background_size=&#187;initial&#187; background_position=&#187;top_left&#187; background_repeat=&#187;repeat&#187; use_border_color=&#187;off&#187; border_color=&#187;#ffffff&#187; border_style=&#187;solid&#187; global_colors_info=&#187;{}&#187;]<\/p>\n<h3>Anni Penttinen, kosmetologi, sairaanhoitaja \/ terveydenhoitaja<\/h3>\n<p>[\/et_pb_text][\/et_pb_column][\/et_pb_row][et_pb_row column_structure=&#187;1_3,2_3&#8243; admin_label=&#187;row&#187; _builder_version=&#187;4.16&#8243; background_size=&#187;initial&#187; background_position=&#187;top_left&#187; background_repeat=&#187;repeat&#187; global_colors_info=&#187;{}&#187;][et_pb_column type=&#187;1_3&#8243; _builder_version=&#187;4.16&#8243; custom_padding=&#187;|||&#187; global_colors_info=&#187;{}&#187; custom_padding__hover=&#187;|||&#187;][et_pb_image src=&#187;https:\/\/www.plasticsurgery.fi\/wp-content\/uploads\/2015\/06\/Paula-Salmela.jpg&#187; alt=&#187;Paula Salmela&#187; align_tablet=&#187;center&#187; align_phone=&#187;&#187; align_last_edited=&#187;on|desktop&#187; admin_label=&#187;Image&#187; _builder_version=&#187;4.22.1&#8243; animation_style=&#187;fade&#187; animation_duration=&#187;500ms&#187; hover_enabled=&#187;0&#8243; sticky=&#187;off&#187; use_border_color=&#187;off&#187; border_color=&#187;#ffffff&#187; border_style=&#187;solid&#187; always_center_on_mobile=&#187;on&#187; global_colors_info=&#187;{}&#187; sticky_enabled=&#187;0&#8243;][\/et_pb_image][\/et_pb_column][et_pb_column type=&#187;2_3&#8243; _builder_version=&#187;4.16&#8243; custom_padding=&#187;|||&#187; global_colors_info=&#187;{}&#187; custom_padding__hover=&#187;|||&#187;][et_pb_text admin_label=&#187;Paula Salmela&#187; _builder_version=&#187;4.16&#8243; background_size=&#187;initial&#187; background_position=&#187;top_left&#187; background_repeat=&#187;repeat&#187; use_border_color=&#187;off&#187; border_color=&#187;#ffffff&#187; border_style=&#187;solid&#187; global_colors_info=&#187;{}&#187;]<\/p>\n<h3>Paula Salmela,  vastaanottosihteeri<\/h3>\n<p>[\/et_pb_text][\/et_pb_column][\/et_pb_row][et_pb_row column_structure=&#187;1_3,2_3&#8243; admin_label=&#187;row&#187; _builder_version=&#187;4.16&#8243; background_size=&#187;initial&#187; background_position=&#187;top_left&#187; background_repeat=&#187;repeat&#187; global_colors_info=&#187;{}&#187;][et_pb_column type=&#187;1_3&#8243; _builder_version=&#187;4.16&#8243; custom_padding=&#187;|||&#187; global_colors_info=&#187;{}&#187; custom_padding__hover=&#187;|||&#187;][et_pb_image src=&#187;https:\/\/www.plasticsurgery.fi\/wp-content\/uploads\/2015\/06\/iira-kuokka-pieni.jpg&#187; alt=&#187;Iira Kuokka&#187; align_tablet=&#187;center&#187; align_phone=&#187;&#187; align_last_edited=&#187;on|desktop&#187; admin_label=&#187;Image&#187; _builder_version=&#187;4.16&#8243; animation_style=&#187;fade&#187; animation_duration=&#187;500ms&#187; sticky=&#187;off&#187; use_border_color=&#187;off&#187; border_color=&#187;#ffffff&#187; border_style=&#187;solid&#187; always_center_on_mobile=&#187;on&#187; global_colors_info=&#187;{}&#187;][\/et_pb_image][\/et_pb_column][et_pb_column type=&#187;2_3&#8243; _builder_version=&#187;4.16&#8243; custom_padding=&#187;|||&#187; global_colors_info=&#187;{}&#187; custom_padding__hover=&#187;|||&#187;][et_pb_text admin_label=&#187;Iira Kuokka&#187; _builder_version=&#187;4.16&#8243; background_size=&#187;initial&#187; background_position=&#187;top_left&#187; background_repeat=&#187;repeat&#187; use_border_color=&#187;off&#187; border_color=&#187;#ffffff&#187; border_style=&#187;solid&#187; global_colors_info=&#187;{}&#187;]<\/p>\n<h3>Iira Kuokka,  vastaanottosihteeri<\/h3>\n<p>[\/et_pb_text][\/et_pb_column][\/et_pb_row][\/et_pb_section]<\/p>\n","protected":false},"excerpt":{"rendered":"<p>Anna H\u00f6ckerstedt, LT, plastiikkakirurgian erikoisl\u00e4\u00e4k\u00e4ri Tri.\u00a0Tiia Pihlamaa, plastiikkakirurgi Heidi Lilja, LT, yleiskirurgian erikoisl\u00e4\u00e4k\u00e4ri kirurgiset toimenpiteet gynekomastia lasertoimenpiteet rasvaimu injektiohoidot Tri. Eero N\u00e4veri, MD, LL, anestesiologian erikoisl\u00e4\u00e4k\u00e4ri Kari Norrio, anestesial\u00e4\u00e4k\u00e4ri Alina Bregman, sairaanhoitaja esteettiset toimenpiteet Anni Penttinen, kosmetologi, sairaanhoitaja \/ terveydenhoitaja Paula Salmela, vastaanottosihteeri Iira Kuokka, vastaanottosihteeri<\/p>\n","protected":false},"author":1,"featured_media":0,"parent":0,"menu_order":0,"comment_status":"closed","ping_status":"open","template":"","meta":{"_et_pb_use_builder":"on","_et_pb_old_content":"","_et_gb_content_width":"","footnotes":""},"class_list":["post-822","page","type-page","status-publish","hentry"],"yoast_head":"<!-- This site is optimized with the Yoast SEO plugin v26.8 - https:\/\/yoast.com\/product\/yoast-seo-wordpress\/ -->\n<title>\u041f\u0435\u0440\u0441\u043e\u043d\u0430\u043b - Plastic Surgery Center<\/title>\n<meta name=\"robots\" content=\"index, follow, max-snippet:-1, max-image-preview:large, max-video-preview:-1\" \/>\n<link rel=\"canonical\" href=\"https:\/\/www.plasticsurgery.fi\/ru\/\u043f\u0435\u0440\u0441\u043e\u043d\u0430\u043b\/\" \/>\n<meta property=\"og:locale\" content=\"ru_RU\" \/>\n<meta property=\"og:type\" content=\"article\" \/>\n<meta property=\"og:title\" content=\"\u041f\u0435\u0440\u0441\u043e\u043d\u0430\u043b - Plastic Surgery Center\" \/>\n<meta property=\"og:description\" content=\"Anna H\u00f6ckerstedt, LT, plastiikkakirurgian erikoisl\u00e4\u00e4k\u00e4ri Tri.\u00a0Tiia Pihlamaa, plastiikkakirurgi Heidi Lilja, LT, yleiskirurgian erikoisl\u00e4\u00e4k\u00e4ri kirurgiset toimenpiteet gynekomastia lasertoimenpiteet rasvaimu injektiohoidot Tri. Eero N\u00e4veri, MD, LL, anestesiologian erikoisl\u00e4\u00e4k\u00e4ri Kari Norrio, anestesial\u00e4\u00e4k\u00e4ri Alina Bregman, sairaanhoitaja esteettiset toimenpiteet Anni Penttinen, kosmetologi, sairaanhoitaja \/ terveydenhoitaja Paula Salmela, vastaanottosihteeri Iira Kuokka, vastaanottosihteeri\" \/>\n<meta property=\"og:url\" content=\"https:\/\/www.plasticsurgery.fi\/ru\/\u043f\u0435\u0440\u0441\u043e\u043d\u0430\u043b\/\" \/>\n<meta property=\"og:site_name\" content=\"Plastic Surgery Center\" \/>\n<meta property=\"article:modified_time\" content=\"2024-06-10T09:30:03+00:00\" \/>\n<meta name=\"twitter:card\" content=\"summary_large_image\" \/>\n<meta name=\"twitter:label1\" content=\"\u041f\u0440\u0438\u043c\u0435\u0440\u043d\u043e\u0435 \u0432\u0440\u0435\u043c\u044f \u0434\u043b\u044f \u0447\u0442\u0435\u043d\u0438\u044f\" \/>\n\t<meta name=\"twitter:data1\" content=\"4 \u043c\u0438\u043d\u0443\u0442\u044b\" \/>\n<script type=\"application\/ld+json\" class=\"yoast-schema-graph\">{\"@context\":\"https:\/\/schema.org\",\"@graph\":[{\"@type\":\"WebPage\",\"@id\":\"https:\/\/www.plasticsurgery.fi\/ru\/%d0%bf%d0%b5%d1%80%d1%81%d0%be%d0%bd%d0%b0%d0%bb\/\",\"url\":\"https:\/\/www.plasticsurgery.fi\/ru\/%d0%bf%d0%b5%d1%80%d1%81%d0%be%d0%bd%d0%b0%d0%bb\/\",\"name\":\"\u041f\u0435\u0440\u0441\u043e\u043d\u0430\u043b - Plastic Surgery Center\",\"isPartOf\":{\"@id\":\"https:\/\/www.plasticsurgery.fi\/#website\"},\"datePublished\":\"2015-06-30T15:42:22+00:00\",\"dateModified\":\"2024-06-10T09:30:03+00:00\",\"breadcrumb\":{\"@id\":\"https:\/\/www.plasticsurgery.fi\/ru\/%d0%bf%d0%b5%d1%80%d1%81%d0%be%d0%bd%d0%b0%d0%bb\/#breadcrumb\"},\"inLanguage\":\"ru-RU\",\"potentialAction\":[{\"@type\":\"ReadAction\",\"target\":[\"https:\/\/www.plasticsurgery.fi\/ru\/%d0%bf%d0%b5%d1%80%d1%81%d0%be%d0%bd%d0%b0%d0%bb\/\"]}]},{\"@type\":\"BreadcrumbList\",\"@id\":\"https:\/\/www.plasticsurgery.fi\/ru\/%d0%bf%d0%b5%d1%80%d1%81%d0%be%d0%bd%d0%b0%d0%bb\/#breadcrumb\",\"itemListElement\":[{\"@type\":\"ListItem\",\"position\":1,\"name\":\"Home\",\"item\":\"https:\/\/www.plasticsurgery.fi\/ru\/\"},{\"@type\":\"ListItem\",\"position\":2,\"name\":\"\u041f\u0435\u0440\u0441\u043e\u043d\u0430\u043b\"}]},{\"@type\":\"WebSite\",\"@id\":\"https:\/\/www.plasticsurgery.fi\/#website\",\"url\":\"https:\/\/www.plasticsurgery.fi\/\",\"name\":\"Plastic Surgery Center\",\"description\":\"Art of Attraction\",\"potentialAction\":[{\"@type\":\"SearchAction\",\"target\":{\"@type\":\"EntryPoint\",\"urlTemplate\":\"https:\/\/www.plasticsurgery.fi\/?s={search_term_string}\"},\"query-input\":{\"@type\":\"PropertyValueSpecification\",\"valueRequired\":true,\"valueName\":\"search_term_string\"}}],\"inLanguage\":\"ru-RU\"}]}<\/script>\n<!-- \/ Yoast SEO plugin. -->","yoast_head_json":{"title":"\u041f\u0435\u0440\u0441\u043e\u043d\u0430\u043b - Plastic Surgery Center","robots":{"index":"index","follow":"follow","max-snippet":"max-snippet:-1","max-image-preview":"max-image-preview:large","max-video-preview":"max-video-preview:-1"},"canonical":"https:\/\/www.plasticsurgery.fi\/ru\/\u043f\u0435\u0440\u0441\u043e\u043d\u0430\u043b\/","og_locale":"ru_RU","og_type":"article","og_title":"\u041f\u0435\u0440\u0441\u043e\u043d\u0430\u043b - Plastic Surgery Center","og_description":"Anna H\u00f6ckerstedt, LT, plastiikkakirurgian erikoisl\u00e4\u00e4k\u00e4ri Tri.\u00a0Tiia Pihlamaa, plastiikkakirurgi Heidi Lilja, LT, yleiskirurgian erikoisl\u00e4\u00e4k\u00e4ri kirurgiset toimenpiteet gynekomastia lasertoimenpiteet rasvaimu injektiohoidot Tri. Eero N\u00e4veri, MD, LL, anestesiologian erikoisl\u00e4\u00e4k\u00e4ri Kari Norrio, anestesial\u00e4\u00e4k\u00e4ri Alina Bregman, sairaanhoitaja esteettiset toimenpiteet Anni Penttinen, kosmetologi, sairaanhoitaja \/ terveydenhoitaja Paula Salmela, vastaanottosihteeri Iira Kuokka, vastaanottosihteeri","og_url":"https:\/\/www.plasticsurgery.fi\/ru\/\u043f\u0435\u0440\u0441\u043e\u043d\u0430\u043b\/","og_site_name":"Plastic Surgery Center","article_modified_time":"2024-06-10T09:30:03+00:00","twitter_card":"summary_large_image","twitter_misc":{"\u041f\u0440\u0438\u043c\u0435\u0440\u043d\u043e\u0435 \u0432\u0440\u0435\u043c\u044f \u0434\u043b\u044f \u0447\u0442\u0435\u043d\u0438\u044f":"4 \u043c\u0438\u043d\u0443\u0442\u044b"},"schema":{"@context":"https:\/\/schema.org","@graph":[{"@type":"WebPage","@id":"https:\/\/www.plasticsurgery.fi\/ru\/%d0%bf%d0%b5%d1%80%d1%81%d0%be%d0%bd%d0%b0%d0%bb\/","url":"https:\/\/www.plasticsurgery.fi\/ru\/%d0%bf%d0%b5%d1%80%d1%81%d0%be%d0%bd%d0%b0%d0%bb\/","name":"\u041f\u0435\u0440\u0441\u043e\u043d\u0430\u043b - Plastic Surgery Center","isPartOf":{"@id":"https:\/\/www.plasticsurgery.fi\/#website"},"datePublished":"2015-06-30T15:42:22+00:00","dateModified":"2024-06-10T09:30:03+00:00","breadcrumb":{"@id":"https:\/\/www.plasticsurgery.fi\/ru\/%d0%bf%d0%b5%d1%80%d1%81%d0%be%d0%bd%d0%b0%d0%bb\/#breadcrumb"},"inLanguage":"ru-RU","potentialAction":[{"@type":"ReadAction","target":["https:\/\/www.plasticsurgery.fi\/ru\/%d0%bf%d0%b5%d1%80%d1%81%d0%be%d0%bd%d0%b0%d0%bb\/"]}]},{"@type":"BreadcrumbList","@id":"https:\/\/www.plasticsurgery.fi\/ru\/%d0%bf%d0%b5%d1%80%d1%81%d0%be%d0%bd%d0%b0%d0%bb\/#breadcrumb","itemListElement":[{"@type":"ListItem","position":1,"name":"Home","item":"https:\/\/www.plasticsurgery.fi\/ru\/"},{"@type":"ListItem","position":2,"name":"\u041f\u0435\u0440\u0441\u043e\u043d\u0430\u043b"}]},{"@type":"WebSite","@id":"https:\/\/www.plasticsurgery.fi\/#website","url":"https:\/\/www.plasticsurgery.fi\/","name":"Plastic Surgery Center","description":"Art of Attraction","potentialAction":[{"@type":"SearchAction","target":{"@type":"EntryPoint","urlTemplate":"https:\/\/www.plasticsurgery.fi\/?s={search_term_string}"},"query-input":{"@type":"PropertyValueSpecification","valueRequired":true,"valueName":"search_term_string"}}],"inLanguage":"ru-RU"}]}},"_links":{"self":[{"href":"https:\/\/www.plasticsurgery.fi\/ru\/wp-json\/wp\/v2\/pages\/822","targetHints":{"allow":["GET"]}}],"collection":[{"href":"https:\/\/www.plasticsurgery.fi\/ru\/wp-json\/wp\/v2\/pages"}],"about":[{"href":"https:\/\/www.plasticsurgery.fi\/ru\/wp-json\/wp\/v2\/types\/page"}],"author":[{"embeddable":true,"href":"https:\/\/www.plasticsurgery.fi\/ru\/wp-json\/wp\/v2\/users\/1"}],"replies":[{"embeddable":true,"href":"https:\/\/www.plasticsurgery.fi\/ru\/wp-json\/wp\/v2\/comments?post=822"}],"version-history":[{"count":18,"href":"https:\/\/www.plasticsurgery.fi\/ru\/wp-json\/wp\/v2\/pages\/822\/revisions"}],"predecessor-version":[{"id":8810,"href":"https:\/\/www.plasticsurgery.fi\/ru\/wp-json\/wp\/v2\/pages\/822\/revisions\/8810"}],"wp:attachment":[{"href":"https:\/\/www.plasticsurgery.fi\/ru\/wp-json\/wp\/v2\/media?parent=822"}],"curies":[{"name":"wp","href":"https:\/\/api.w.org\/{rel}","templated":true}]}}