{"id":824,"date":"2015-07-14T12:22:32","date_gmt":"2015-07-14T09:22:32","guid":{"rendered":"https:\/\/www.plasticsurgery.fi\/?page_id=824"},"modified":"2026-02-24T18:23:16","modified_gmt":"2026-02-24T16:23:16","slug":"ota-yhteytta","status":"publish","type":"page","link":"https:\/\/www.plasticsurgery.fi\/ru\/ota-yhteytta\/","title":{"rendered":"Ota yhteytt\u00e4"},"content":{"rendered":"<p>[et_pb_section fb_built=&#187;1&#8243; custom_padding_last_edited=&#187;on|desktop&#187; admin_label=&#187;section&#187; _builder_version=&#187;4.16&#8243; custom_padding_tablet=&#187;50px|0|50px|0&#8243; custom_padding_phone=&#187;50px|0|50px|0&#8243; custom_css_main_element=&#187;margin-top:25px;&#187; transparent_background=&#187;off&#187; padding_mobile=&#187;off&#187; make_fullwidth=&#187;off&#187; use_custom_width=&#187;off&#187; width_unit=&#187;on&#187; global_colors_info=&#187;{}&#187;][et_pb_row column_structure=&#187;2_3,1_3&#8243; admin_label=&#187;row&#187; _builder_version=&#187;4.16&#8243; background_size=&#187;initial&#187; background_position=&#187;top_left&#187; background_repeat=&#187;repeat&#187; global_colors_info=&#187;{}&#187;][et_pb_column type=&#187;2_3&#8243; _builder_version=&#187;4.16&#8243; custom_padding=&#187;|||&#187; global_colors_info=&#187;{}&#187; custom_padding__hover=&#187;|||&#187;][et_pb_text admin_label=&#187;Teksti&#187; _builder_version=&#187;4.16&#8243; background_size=&#187;initial&#187; background_position=&#187;top_left&#187; background_repeat=&#187;repeat&#187; use_border_color=&#187;off&#187; border_color=&#187;#ffffff&#187; border_style=&#187;solid&#187; global_colors_info=&#187;{}&#187;]<\/p>\n<h1>Ota yhteytt\u00e4<\/h1>\n<p><strong>Tervetuloa maksuttomaan konsultaatioon plastiikkakirurgin vastaanotolle tai muuten tutustumaan toimenpiteisiimme.<\/strong><\/p>\n<p>\n<div class=\"wpcf7 no-js\" id=\"wpcf7-f446-o1\" lang=\"fi\" dir=\"ltr\" data-wpcf7-id=\"446\">\n<div class=\"screen-reader-response\"><p role=\"status\" aria-live=\"polite\" aria-atomic=\"true\"><\/p> <ul><\/ul><\/div>\n<form action=\"\/ru\/wp-json\/wp\/v2\/pages\/824#wpcf7-f446-o1\" method=\"post\" class=\"wpcf7-form init\" aria-label=\"Yhteydenottolomake\" novalidate=\"novalidate\" data-status=\"init\">\n<fieldset class=\"hidden-fields-container\"><input type=\"hidden\" name=\"_wpcf7\" value=\"446\" \/><input type=\"hidden\" name=\"_wpcf7_version\" value=\"6.1.4\" \/><input type=\"hidden\" name=\"_wpcf7_locale\" value=\"fi\" \/><input type=\"hidden\" name=\"_wpcf7_unit_tag\" value=\"wpcf7-f446-o1\" \/><input type=\"hidden\" name=\"_wpcf7_container_post\" value=\"0\" \/><input type=\"hidden\" name=\"_wpcf7_posted_data_hash\" value=\"\" \/>\n<\/fieldset>\n<p>Nimi\n<\/p>\n<p><span class=\"wpcf7-form-control-wrap\" data-name=\"your-name\"><input size=\"40\" maxlength=\"400\" class=\"wpcf7-form-control wpcf7-text\" aria-invalid=\"false\" value=\"\" type=\"text\" name=\"your-name\" \/><\/span>\n<\/p>\n<p>S\u00e4hk\u00f6posti (pakollinen)\n<\/p>\n<p><span class=\"wpcf7-form-control-wrap\" data-name=\"your-email\"><input size=\"40\" maxlength=\"400\" class=\"wpcf7-form-control wpcf7-email wpcf7-validates-as-required wpcf7-text wpcf7-validates-as-email\" aria-required=\"true\" aria-invalid=\"false\" value=\"\" type=\"email\" name=\"your-email\" \/><\/span>\n<\/p>\n<p>Valitse klinikka (pakollinen)\n<\/p>\n<p><span class=\"wpcf7-form-control-wrap\" data-name=\"Klinikka\"><select class=\"wpcf7-form-control wpcf7-select wpcf7-validates-as-required\" aria-required=\"true\" aria-invalid=\"false\" name=\"Klinikka\"><option value=\"\">&#8212;Valitse vaihtoehto&#8212;<\/option><option value=\"Helsinki\">Helsinki<\/option><option value=\"Turku\">Turku<\/option><option value=\"Tampere\">Tampere<\/option><option value=\"Porvoo\">Porvoo<\/option><option value=\"Lappeenranta\">Lappeenranta<\/option><option value=\"Oulu\">Oulu<\/option><option value=\"Vaasa\">Vaasa<\/option><\/select><\/span>\n<\/p>\n<p>Viesti\n<\/p>\n<p><span class=\"wpcf7-form-control-wrap\" data-name=\"your-message\"><textarea cols=\"40\" rows=\"10\" maxlength=\"2000\" class=\"wpcf7-form-control wpcf7-textarea\" aria-invalid=\"false\" name=\"your-message\"><\/textarea><\/span>\n<\/p>\n<p><input class=\"wpcf7-form-control wpcf7-submit has-spinner\" type=\"submit\" value=\"L\u00e4het\u00e4\" \/>\n<\/p>\n<p><input type=\"hidden\" name=\"your-subject\" value=\"Yhteydenotto\" size=\"40\" class=\"wpcf7-form-control wpcf7-text\" aria-invalid=\"false\" \/>\n<\/p><div class=\"wpcf7-response-output\" aria-hidden=\"true\"><\/div>\n<\/form>\n<\/div>\n [\/et_pb_text][\/et_pb_column][et_pb_column type=&#187;1_3&#8243; _builder_version=&#187;4.16&#8243; custom_padding=&#187;|||&#187; global_colors_info=&#187;{}&#187; custom_padding__hover=&#187;|||&#187;][et_pb_text admin_label=&#187;Helsingin klinikka&#187; _builder_version=&#187;4.27.4&#8243; text_line_height=&#187;2em&#187; background_size=&#187;initial&#187; background_position=&#187;top_left&#187; background_repeat=&#187;repeat&#187; use_border_color=&#187;off&#187; border_color=&#187;#ffffff&#187; border_style=&#187;solid&#187; global_colors_info=&#187;{}&#187;]<\/p>\n<h2>Helsingin klinikka<\/h2>\n<h3>Aleksanterinkatu<\/h3>\n<p>Aukioloajat \/ Puhelinajat:<br \/>Ma-Pe: \u00a008.00\u201320.00<br \/>La:\u00a0 10.00\u201317.00<br \/>Su: \u00a012.00-17.00<\/p>\n<p>Puhelin: \u00a0<a href=\"tel:092783038\">09 278 3038<\/a><br \/>S\u00e4hk\u00f6posti: \u00a0<a href=\"mailto:info@plasticsurgery.fi\">info@plasticsurgery.fi<\/a><\/p>\n<p>K\u00e4yntiosoite:<br \/>Aleksanterinkatu 15 A, 4. krs<br \/>00100 Helsinki<\/p>\n<address>(Lindexin ja A. Tillanderin v\u00e4liss\u00e4)<\/address>\n<p>[\/et_pb_text][et_pb_text admin_label=&#187;Helsingin klinikka&#187; _builder_version=&#187;4.27.4&#8243; text_line_height=&#187;2em&#187; background_size=&#187;initial&#187; background_position=&#187;top_left&#187; background_repeat=&#187;repeat&#187; use_border_color=&#187;off&#187; border_color=&#187;#ffffff&#187; border_style=&#187;solid&#187; global_colors_info=&#187;{}&#187;]<\/p>\n<h2>Helsingin klinikka<\/h2>\n<h3>Erottajankatu<\/h3>\n<p>Aukioloajat \/ Puhelinajat:<br \/>Ma-Pe: \u00a008.00\u201320.00<br \/>La:\u00a0 10.00\u201317.00<br \/>Su: \u00a012.00-17.00<\/p>\n<p>Puhelin: \u00a0<a href=\"tel:+3580961500399\">09 61500 399<\/a><br \/>S\u00e4hk\u00f6posti: \u00a0<a href=\"mailto:info@plasticsurgery.fi\">info@plasticsurgery.fi<\/a><\/p>\n<p>K\u00e4yntiosoite:<br \/>Erottajankatu 7 A, 2. krs<br \/>00130 Helsinki<\/p>\n<p>[\/et_pb_text][et_pb_text admin_label=&#187;Tampereen Klinikka&#187; _builder_version=&#187;4.27.4&#8243; text_line_height=&#187;2em&#187; background_size=&#187;initial&#187; background_position=&#187;top_left&#187; background_repeat=&#187;repeat&#187; use_border_color=&#187;off&#187; border_color=&#187;#ffffff&#187; border_style=&#187;solid&#187; global_colors_info=&#187;{}&#187;]<\/p>\n<h2>Tampereen klinikka<\/h2>\n<p>Aukioloajat \/ Puhelinajat:<br \/>Ma-Pe: \u00a008.00\u201320.00<br \/>La:\u00a0 10.00\u201317.00<br \/>Su:\u00a0 12.00-17.00<\/p>\n<p>Puhelin: \u00a0<a href=\"tel:033891009\">03\u00a0389 1009<\/a><br \/>S\u00e4hk\u00f6posti: \u00a0<a href=\"mailto:info@plasticsurgery.fi\">info@plasticsurgery.fi<\/a><\/p>\n<p>K\u00e4yntiosoite:<br \/>Keskustori 1 A<br \/>33100\u00a0Tampere<\/p>\n<p>[\/et_pb_text][et_pb_text admin_label=&#187;Turun Klinikka&#187; _builder_version=&#187;4.27.4&#8243; text_line_height=&#187;2em&#187; background_size=&#187;initial&#187; background_position=&#187;top_left&#187; background_repeat=&#187;repeat&#187; use_border_color=&#187;off&#187; border_color=&#187;#ffffff&#187; border_style=&#187;solid&#187; global_colors_info=&#187;{}&#187;]<\/p>\n<h2>Turun klinikka<\/h2>\n<p>Aukioloajat \/ Puhelinajat:<br \/>Ma-Pe: \u00a008.00\u201320.00<br \/>La:\u00a0 10.00\u201317.00<\/p>\n<p>Su:\u00a0 12.00-17.00<\/p>\n<p>Puhelin: \u00a0<a href=\"tel:022508100\">02 250 8100<\/a><br \/>S\u00e4hk\u00f6posti: \u00a0<a href=\"mailto:info@plasticsurgery.fi\">info@plasticsurgery.fi<\/a><\/p>\n<p>K\u00e4yntiosoite:<br \/>Yliopistonkatu 23, 2. krs<br \/>20100\u00a0Turku<\/p>\n<p>[\/et_pb_text][\/et_pb_column][\/et_pb_row][et_pb_row admin_label=&#187;row&#187; _builder_version=&#187;4.16&#8243; background_size=&#187;initial&#187; background_position=&#187;top_left&#187; background_repeat=&#187;repeat&#187; global_colors_info=&#187;{}&#187;][et_pb_column type=&#187;4_4&#8243; _builder_version=&#187;4.16&#8243; custom_padding=&#187;|||&#187; global_colors_info=&#187;{}&#187; custom_padding__hover=&#187;|||&#187;][et_pb_text admin_label=&#187;Teksti&#187; _builder_version=&#187;4.17.6&#8243; background_size=&#187;initial&#187; background_position=&#187;top_left&#187; background_repeat=&#187;repeat&#187; use_border_color=&#187;off&#187; border_color=&#187;#ffffff&#187; border_style=&#187;solid&#187; global_colors_info=&#187;{}&#187;]<\/p>\n<h2>Helsingin klinikka &#8212; Aleksanterinkatu<\/h2>\n<p>[\/et_pb_text][et_pb_map address=&#187;Aleksanterinkatu 15, 00100 Helsinki, Suomi&#187; zoom_level=&#187;16&#8243; address_lat=&#187;60.16897240000007&#8243; address_lng=&#187;24.945208999999977&#8243; admin_label=&#187;Kartta&#187; _builder_version=&#187;4.16&#8243; global_colors_info=&#187;{}&#187;][et_pb_map_pin title=&#187;Helsingin klinikka&#187; pin_address=&#187;Aleksanterinkatu 17, 00100 Helsinki, Suomi&#187; pin_address_lat=&#187;60.16893770952645&#8243; pin_address_lng=&#187;24.94335291136167&#8243; _builder_version=&#187;3.0.47&#8243; global_colors_info=&#187;{}&#187;][\/et_pb_map_pin][\/et_pb_map][et_pb_text admin_label=&#187;Teksti&#187; _builder_version=&#187;4.17.6&#8243; background_size=&#187;initial&#187; background_position=&#187;top_left&#187; background_repeat=&#187;repeat&#187; use_border_color=&#187;off&#187; border_color=&#187;#ffffff&#187; border_style=&#187;solid&#187; global_colors_info=&#187;{}&#187;]<\/p>\n<h2>Helsingin klinikka &#8212; Erottajankatu<\/h2>\n<p>[\/et_pb_text][et_pb_map address=&#187;Erottajankatu 7, 00130 Helsinki, Suomi&#187; zoom_level=&#187;15&#8243; address_lat=&#187;60.1653333&#8243; address_lng=&#187;24.9436214&#8243; _builder_version=&#187;4.17.6&#8243; _module_preset=&#187;default&#187; global_colors_info=&#187;{}&#187;][et_pb_map_pin pin_address=&#187;Erottajankatu 7, 00130 Helsinki, Suomi&#187; zoom_level=&#187;15&#8243; pin_address_lat=&#187;60.1653333&#8243; pin_address_lng=&#187;24.9436214&#8243; _builder_version=&#187;4.17.6&#8243; _module_preset=&#187;default&#187; global_colors_info=&#187;{}&#187;][\/et_pb_map_pin][\/et_pb_map][et_pb_text admin_label=&#187;Teksti&#187; _builder_version=&#187;4.16&#8243; background_size=&#187;initial&#187; background_position=&#187;top_left&#187; background_repeat=&#187;repeat&#187; use_border_color=&#187;off&#187; border_color=&#187;#ffffff&#187; border_style=&#187;solid&#187; global_colors_info=&#187;{}&#187;]<\/p>\n<h2>Tampereen klinikka<\/h2>\n<p>[\/et_pb_text][et_pb_map address=&#187;Keskustori 1, 33100 Tampere, Suomi&#187; zoom_level=&#187;16&#8243; address_lat=&#187;61.497525&#8243; address_lng=&#187;23.76212510000005&#8243; admin_label=&#187;Kartta&#187; _builder_version=&#187;4.16&#8243; global_colors_info=&#187;{}&#187;][et_pb_map_pin title=&#187;Tampereen klinikka&#187; pin_address=&#187;Keskustori 1, 33100 Tampere, Suomi&#187; pin_address_lat=&#187;61.497525&#8243; pin_address_lng=&#187;23.76212510000005&#8243; _builder_version=&#187;3.0.47&#8243; global_colors_info=&#187;{}&#187;] [\/et_pb_map_pin][\/et_pb_map][et_pb_text admin_label=&#187;Teksti&#187; _builder_version=&#187;4.16&#8243; background_size=&#187;initial&#187; background_position=&#187;top_left&#187; background_repeat=&#187;repeat&#187; use_border_color=&#187;off&#187; border_color=&#187;#ffffff&#187; border_style=&#187;solid&#187; global_colors_info=&#187;{}&#187;]<\/p>\n<h2>Turun klinikka<\/h2>\n<p>[\/et_pb_text][et_pb_map address=&#187;Yliopistonkatu 23, 20100 Turku, Suomi&#187; zoom_level=&#187;16&#8243; address_lat=&#187;60.451879400000024&#8243; address_lng=&#187;22.263588700000014&#8243; admin_label=&#187;Kartta&#187; _builder_version=&#187;4.16&#8243; global_colors_info=&#187;{}&#187;][et_pb_map_pin title=&#187;Turun klinikka&#187; pin_address=&#187;Yliopistonkatu 23, 20100 Turku, Suomi&#187; pin_address_lat=&#187;60.45145611945452&#8243; pin_address_lng=&#187;22.264125141802992&#8243; _builder_version=&#187;3.0.47&#8243; global_colors_info=&#187;{}&#187;][\/et_pb_map_pin][\/et_pb_map][\/et_pb_column][\/et_pb_row][\/et_pb_section]<\/p>\n","protected":false},"excerpt":{"rendered":"<p>Ota yhteytt\u00e4 Tervetuloa maksuttomaan konsultaatioon plastiikkakirurgin vastaanotolle tai muuten tutustumaan toimenpiteisiimme. \n<div class=\"wpcf7 no-js\" id=\"wpcf7-f446-o2\" lang=\"fi\" dir=\"ltr\" data-wpcf7-id=\"446\">\n<div class=\"screen-reader-response\"><p role=\"status\" aria-live=\"polite\" aria-atomic=\"true\"><\/p> <ul><\/ul><\/div>\n<form action=\"\/ru\/wp-json\/wp\/v2\/pages\/824#wpcf7-f446-o2\" method=\"post\" class=\"wpcf7-form init\" aria-label=\"Yhteydenottolomake\" novalidate=\"novalidate\" data-status=\"init\">\n<fieldset class=\"hidden-fields-container\"><input type=\"hidden\" name=\"_wpcf7\" value=\"446\" \/><input type=\"hidden\" name=\"_wpcf7_version\" value=\"6.1.4\" \/><input type=\"hidden\" name=\"_wpcf7_locale\" value=\"fi\" \/><input type=\"hidden\" name=\"_wpcf7_unit_tag\" value=\"wpcf7-f446-o2\" \/><input type=\"hidden\" name=\"_wpcf7_container_post\" value=\"0\" \/><input type=\"hidden\" name=\"_wpcf7_posted_data_hash\" value=\"\" \/>\n<\/fieldset>\n<p>Nimi\n<\/p>\n<p><span class=\"wpcf7-form-control-wrap\" data-name=\"your-name\"><input size=\"40\" maxlength=\"400\" class=\"wpcf7-form-control wpcf7-text\" aria-invalid=\"false\" value=\"\" type=\"text\" name=\"your-name\" \/><\/span>\n<\/p>\n<p>S\u00e4hk\u00f6posti (pakollinen)\n<\/p>\n<p><span class=\"wpcf7-form-control-wrap\" data-name=\"your-email\"><input size=\"40\" maxlength=\"400\" class=\"wpcf7-form-control wpcf7-email wpcf7-validates-as-required wpcf7-text wpcf7-validates-as-email\" aria-required=\"true\" aria-invalid=\"false\" value=\"\" type=\"email\" name=\"your-email\" \/><\/span>\n<\/p>\n<p>Valitse klinikka (pakollinen)\n<\/p>\n<p><span class=\"wpcf7-form-control-wrap\" data-name=\"Klinikka\"><select class=\"wpcf7-form-control wpcf7-select wpcf7-validates-as-required\" aria-required=\"true\" aria-invalid=\"false\" name=\"Klinikka\"><option value=\"\">&#8212;Valitse vaihtoehto&#8212;<\/option><option value=\"Helsinki\">Helsinki<\/option><option value=\"Turku\">Turku<\/option><option value=\"Tampere\">Tampere<\/option><option value=\"Porvoo\">Porvoo<\/option><option value=\"Lappeenranta\">Lappeenranta<\/option><option value=\"Oulu\">Oulu<\/option><option value=\"Vaasa\">Vaasa<\/option><\/select><\/span>\n<\/p>\n<p>Viesti\n<\/p>\n<p><span class=\"wpcf7-form-control-wrap\" data-name=\"your-message\"><textarea cols=\"40\" rows=\"10\" maxlength=\"2000\" class=\"wpcf7-form-control wpcf7-textarea\" aria-invalid=\"false\" name=\"your-message\"><\/textarea><\/span>\n<\/p>\n<p><input class=\"wpcf7-form-control wpcf7-submit has-spinner\" type=\"submit\" value=\"L\u00e4het\u00e4\" \/>\n<\/p>\n<p><input type=\"hidden\" name=\"your-subject\" value=\"Yhteydenotto\" size=\"40\" class=\"wpcf7-form-control wpcf7-text\" aria-invalid=\"false\" \/>\n<\/p><div class=\"wpcf7-response-output\" aria-hidden=\"true\"><\/div>\n<\/form>\n<\/div>\n Helsingin klinikka Aleksanterinkatu Aukioloajat \/ Puhelinajat:Ma-Pe: \u00a008.00\u201320.00La:\u00a0 10.00\u201317.00Su: \u00a012.00-17.00 Puhelin: \u00a009 278 3038S\u00e4hk\u00f6posti: \u00a0info@plasticsurgery.fi K\u00e4yntiosoite:Aleksanterinkatu 15 A, 4. krs00100 Helsinki (Lindexin ja A. Tillanderin v\u00e4liss\u00e4)Helsingin klinikka Erottajankatu Aukioloajat \/ Puhelinajat:Ma-Pe: \u00a008.00\u201320.00La:\u00a0 10.00\u201317.00Su: \u00a012.00-17.00 Puhelin: \u00a009 61500 399S\u00e4hk\u00f6posti: \u00a0info@plasticsurgery.fi K\u00e4yntiosoite:Erottajankatu 7 [&hellip;]<\/p>\n","protected":false},"author":1,"featured_media":0,"parent":0,"menu_order":0,"comment_status":"closed","ping_status":"open","template":"","meta":{"_et_pb_use_builder":"on","_et_pb_old_content":"","_et_gb_content_width":"","footnotes":""},"class_list":["post-824","page","type-page","status-publish","hentry"],"yoast_head":"<!-- This site is optimized with the Yoast SEO plugin v26.8 - https:\/\/yoast.com\/product\/yoast-seo-wordpress\/ -->\n<title>Ota yhteytt\u00e4 - Plastic Surgery Center<\/title>\n<meta name=\"robots\" content=\"index, follow, max-snippet:-1, max-image-preview:large, max-video-preview:-1\" \/>\n<link rel=\"canonical\" href=\"https:\/\/www.plasticsurgery.fi\/ru\/ota-yhteytta\/\" \/>\n<meta property=\"og:locale\" content=\"ru_RU\" \/>\n<meta property=\"og:type\" content=\"article\" \/>\n<meta property=\"og:title\" content=\"Ota yhteytt\u00e4 - Plastic Surgery Center\" \/>\n<meta property=\"og:description\" content=\"Ota yhteytt\u00e4 Tervetuloa maksuttomaan konsultaatioon plastiikkakirurgin vastaanotolle tai muuten tutustumaan toimenpiteisiimme. Helsingin klinikka Aleksanterinkatu Aukioloajat \/ Puhelinajat:Ma-Pe: \u00a008.00\u201320.00La:\u00a0 10.00\u201317.00Su: \u00a012.00-17.00 Puhelin: \u00a009 278 3038S\u00e4hk\u00f6posti: \u00a0info@plasticsurgery.fi K\u00e4yntiosoite:Aleksanterinkatu 15 A, 4. krs00100 Helsinki (Lindexin ja A. Tillanderin v\u00e4liss\u00e4)Helsingin klinikka Erottajankatu Aukioloajat \/ Puhelinajat:Ma-Pe: \u00a008.00\u201320.00La:\u00a0 10.00\u201317.00Su: \u00a012.00-17.00 Puhelin: \u00a009 61500 399S\u00e4hk\u00f6posti: \u00a0info@plasticsurgery.fi K\u00e4yntiosoite:Erottajankatu 7 [&hellip;]\" \/>\n<meta property=\"og:url\" content=\"https:\/\/www.plasticsurgery.fi\/ru\/ota-yhteytta\/\" \/>\n<meta property=\"og:site_name\" content=\"Plastic Surgery Center\" \/>\n<meta property=\"article:modified_time\" content=\"2026-02-24T16:23:16+00:00\" \/>\n<meta name=\"twitter:card\" content=\"summary_large_image\" \/>\n<meta name=\"twitter:label1\" content=\"\u041f\u0440\u0438\u043c\u0435\u0440\u043d\u043e\u0435 \u0432\u0440\u0435\u043c\u044f \u0434\u043b\u044f \u0447\u0442\u0435\u043d\u0438\u044f\" \/>\n\t<meta name=\"twitter:data1\" content=\"1 \u043c\u0438\u043d\u0443\u0442\u0430\" \/>\n<script type=\"application\/ld+json\" class=\"yoast-schema-graph\">{\"@context\":\"https:\/\/schema.org\",\"@graph\":[{\"@type\":\"WebPage\",\"@id\":\"https:\/\/www.plasticsurgery.fi\/ru\/ota-yhteytta\/\",\"url\":\"https:\/\/www.plasticsurgery.fi\/ru\/ota-yhteytta\/\",\"name\":\"Ota yhteytt\u00e4 - Plastic Surgery Center\",\"isPartOf\":{\"@id\":\"https:\/\/www.plasticsurgery.fi\/#website\"},\"datePublished\":\"2015-07-14T09:22:32+00:00\",\"dateModified\":\"2026-02-24T16:23:16+00:00\",\"breadcrumb\":{\"@id\":\"https:\/\/www.plasticsurgery.fi\/ru\/ota-yhteytta\/#breadcrumb\"},\"inLanguage\":\"ru-RU\",\"potentialAction\":[{\"@type\":\"ReadAction\",\"target\":[\"https:\/\/www.plasticsurgery.fi\/ru\/ota-yhteytta\/\"]}]},{\"@type\":\"BreadcrumbList\",\"@id\":\"https:\/\/www.plasticsurgery.fi\/ru\/ota-yhteytta\/#breadcrumb\",\"itemListElement\":[{\"@type\":\"ListItem\",\"position\":1,\"name\":\"Home\",\"item\":\"https:\/\/www.plasticsurgery.fi\/ru\/\"},{\"@type\":\"ListItem\",\"position\":2,\"name\":\"Ota yhteytt\u00e4\"}]},{\"@type\":\"WebSite\",\"@id\":\"https:\/\/www.plasticsurgery.fi\/#website\",\"url\":\"https:\/\/www.plasticsurgery.fi\/\",\"name\":\"Plastic Surgery Center\",\"description\":\"Art of Attraction\",\"potentialAction\":[{\"@type\":\"SearchAction\",\"target\":{\"@type\":\"EntryPoint\",\"urlTemplate\":\"https:\/\/www.plasticsurgery.fi\/?s={search_term_string}\"},\"query-input\":{\"@type\":\"PropertyValueSpecification\",\"valueRequired\":true,\"valueName\":\"search_term_string\"}}],\"inLanguage\":\"ru-RU\"}]}<\/script>\n<!-- \/ Yoast SEO plugin. -->","yoast_head_json":{"title":"Ota yhteytt\u00e4 - Plastic Surgery Center","robots":{"index":"index","follow":"follow","max-snippet":"max-snippet:-1","max-image-preview":"max-image-preview:large","max-video-preview":"max-video-preview:-1"},"canonical":"https:\/\/www.plasticsurgery.fi\/ru\/ota-yhteytta\/","og_locale":"ru_RU","og_type":"article","og_title":"Ota yhteytt\u00e4 - Plastic Surgery Center","og_description":"Ota yhteytt\u00e4 Tervetuloa maksuttomaan konsultaatioon plastiikkakirurgin vastaanotolle tai muuten tutustumaan toimenpiteisiimme. Helsingin klinikka Aleksanterinkatu Aukioloajat \/ Puhelinajat:Ma-Pe: \u00a008.00\u201320.00La:\u00a0 10.00\u201317.00Su: \u00a012.00-17.00 Puhelin: \u00a009 278 3038S\u00e4hk\u00f6posti: \u00a0info@plasticsurgery.fi K\u00e4yntiosoite:Aleksanterinkatu 15 A, 4. krs00100 Helsinki (Lindexin ja A. Tillanderin v\u00e4liss\u00e4)Helsingin klinikka Erottajankatu Aukioloajat \/ Puhelinajat:Ma-Pe: \u00a008.00\u201320.00La:\u00a0 10.00\u201317.00Su: \u00a012.00-17.00 Puhelin: \u00a009 61500 399S\u00e4hk\u00f6posti: \u00a0info@plasticsurgery.fi K\u00e4yntiosoite:Erottajankatu 7 [&hellip;]","og_url":"https:\/\/www.plasticsurgery.fi\/ru\/ota-yhteytta\/","og_site_name":"Plastic Surgery Center","article_modified_time":"2026-02-24T16:23:16+00:00","twitter_card":"summary_large_image","twitter_misc":{"\u041f\u0440\u0438\u043c\u0435\u0440\u043d\u043e\u0435 \u0432\u0440\u0435\u043c\u044f \u0434\u043b\u044f \u0447\u0442\u0435\u043d\u0438\u044f":"1 \u043c\u0438\u043d\u0443\u0442\u0430"},"schema":{"@context":"https:\/\/schema.org","@graph":[{"@type":"WebPage","@id":"https:\/\/www.plasticsurgery.fi\/ru\/ota-yhteytta\/","url":"https:\/\/www.plasticsurgery.fi\/ru\/ota-yhteytta\/","name":"Ota yhteytt\u00e4 - Plastic Surgery Center","isPartOf":{"@id":"https:\/\/www.plasticsurgery.fi\/#website"},"datePublished":"2015-07-14T09:22:32+00:00","dateModified":"2026-02-24T16:23:16+00:00","breadcrumb":{"@id":"https:\/\/www.plasticsurgery.fi\/ru\/ota-yhteytta\/#breadcrumb"},"inLanguage":"ru-RU","potentialAction":[{"@type":"ReadAction","target":["https:\/\/www.plasticsurgery.fi\/ru\/ota-yhteytta\/"]}]},{"@type":"BreadcrumbList","@id":"https:\/\/www.plasticsurgery.fi\/ru\/ota-yhteytta\/#breadcrumb","itemListElement":[{"@type":"ListItem","position":1,"name":"Home","item":"https:\/\/www.plasticsurgery.fi\/ru\/"},{"@type":"ListItem","position":2,"name":"Ota yhteytt\u00e4"}]},{"@type":"WebSite","@id":"https:\/\/www.plasticsurgery.fi\/#website","url":"https:\/\/www.plasticsurgery.fi\/","name":"Plastic Surgery Center","description":"Art of Attraction","potentialAction":[{"@type":"SearchAction","target":{"@type":"EntryPoint","urlTemplate":"https:\/\/www.plasticsurgery.fi\/?s={search_term_string}"},"query-input":{"@type":"PropertyValueSpecification","valueRequired":true,"valueName":"search_term_string"}}],"inLanguage":"ru-RU"}]}},"_links":{"self":[{"href":"https:\/\/www.plasticsurgery.fi\/ru\/wp-json\/wp\/v2\/pages\/824","targetHints":{"allow":["GET"]}}],"collection":[{"href":"https:\/\/www.plasticsurgery.fi\/ru\/wp-json\/wp\/v2\/pages"}],"about":[{"href":"https:\/\/www.plasticsurgery.fi\/ru\/wp-json\/wp\/v2\/types\/page"}],"author":[{"embeddable":true,"href":"https:\/\/www.plasticsurgery.fi\/ru\/wp-json\/wp\/v2\/users\/1"}],"replies":[{"embeddable":true,"href":"https:\/\/www.plasticsurgery.fi\/ru\/wp-json\/wp\/v2\/comments?post=824"}],"version-history":[{"count":8,"href":"https:\/\/www.plasticsurgery.fi\/ru\/wp-json\/wp\/v2\/pages\/824\/revisions"}],"predecessor-version":[{"id":11902,"href":"https:\/\/www.plasticsurgery.fi\/ru\/wp-json\/wp\/v2\/pages\/824\/revisions\/11902"}],"wp:attachment":[{"href":"https:\/\/www.plasticsurgery.fi\/ru\/wp-json\/wp\/v2\/media?parent=824"}],"curies":[{"name":"wp","href":"https:\/\/api.w.org\/{rel}","templated":true}]}}