{"id":493,"date":"2015-07-15T13:32:07","date_gmt":"2015-07-15T11:32:07","guid":{"rendered":"https:\/\/www.plasticsurgery.fi\/?page_id=493"},"modified":"2024-06-10T11:24:15","modified_gmt":"2024-06-10T09:24:15","slug":"vi-kommer-att-ringa-dig","status":"publish","type":"page","link":"https:\/\/www.plasticsurgery.fi\/sv\/konsultation\/vi-kommer-att-ringa-dig\/","title":{"rendered":"Vi kommer att ringa dig"},"content":{"rendered":"<p>[et_pb_section][et_pb_row][et_pb_column type=&#8221;4_4&#8243;][et_pb_text admin_label=&#8221;Teksti&#8221; background_layout=&#8221;light&#8221; text_orientation=&#8221;left&#8221; use_border_color=&#8221;off&#8221; border_color=&#8221;#ffffff&#8221; border_style=&#8221;solid&#8221; text_line_height=&#8221;2em&#8221;]<\/p>\n<p>Ange ditt\u00a0namn och telefonnummer s\u00e5 ringer vi upp dig<\/p>\n<p>&nbsp;<\/p>\n<p>\n<div class=\"wpcf7 no-js\" id=\"wpcf7-f511-o1\" lang=\"sv-SE\" dir=\"ltr\" data-wpcf7-id=\"511\">\n<div class=\"screen-reader-response\"><p role=\"status\" aria-live=\"polite\" aria-atomic=\"true\"><\/p> <ul><\/ul><\/div>\n<form action=\"\/sv\/wp-json\/wp\/v2\/pages\/493#wpcf7-f511-o1\" method=\"post\" class=\"wpcf7-form init\" aria-label=\"Kontaktformul\u00e4r\" novalidate=\"novalidate\" data-status=\"init\">\n<fieldset class=\"hidden-fields-container\"><input type=\"hidden\" name=\"_wpcf7\" value=\"511\" \/><input type=\"hidden\" name=\"_wpcf7_version\" value=\"6.1.4\" \/><input type=\"hidden\" name=\"_wpcf7_locale\" value=\"sv_SE\" \/><input type=\"hidden\" name=\"_wpcf7_unit_tag\" value=\"wpcf7-f511-o1\" \/><input type=\"hidden\" name=\"_wpcf7_container_post\" value=\"0\" \/><input type=\"hidden\" name=\"_wpcf7_posted_data_hash\" value=\"\" \/>\n<\/fieldset>\n<p>Ditt namn (obligatorisk)\n<\/p>\n<p><span class=\"wpcf7-form-control-wrap\" data-name=\"your-name\"><input size=\"40\" maxlength=\"400\" class=\"wpcf7-form-control wpcf7-text wpcf7-validates-as-required\" aria-required=\"true\" aria-invalid=\"false\" value=\"\" type=\"text\" name=\"your-name\" \/><\/span>\n<\/p>\n<p> Telefonnummer (obligatorisk)\n<\/p>\n<p><span class=\"wpcf7-form-control-wrap\" data-name=\"Puhelinnro\"><input size=\"40\" maxlength=\"400\" class=\"wpcf7-form-control wpcf7-tel wpcf7-validates-as-required wpcf7-text wpcf7-validates-as-tel\" aria-required=\"true\" aria-invalid=\"false\" value=\"\" type=\"tel\" name=\"Puhelinnro\" \/><\/span>\n<\/p>\n<p>Valitse klinikka (pakollinen)\n<\/p>\n<p><span class=\"wpcf7-form-control-wrap\" data-name=\"Klinikka\"><select class=\"wpcf7-form-control wpcf7-select wpcf7-validates-as-required\" aria-required=\"true\" aria-invalid=\"false\" name=\"Klinikka\"><option value=\"\">\u2013 V\u00e4lj ett alternativ \u2013<\/option><option value=\"Helsingfors\">Helsingfors<\/option><option value=\"\u00c5bo\">\u00c5bo<\/option><option value=\"Tammerfors\">Tammerfors<\/option><option value=\"Borg\u00e5\">Borg\u00e5<\/option><option value=\"Villmanstrand\">Villmanstrand<\/option><option value=\"Oulu\">Oulu<\/option><option value=\"Vasa\">Vasa<\/option><\/select><\/span>\n<\/p>\n<p>Ditt meddelande + sopiva soittoajankohta\n<\/p>\n<p><span class=\"wpcf7-form-control-wrap\" data-name=\"your-message\"><textarea cols=\"40\" rows=\"10\" maxlength=\"2000\" class=\"wpcf7-form-control wpcf7-textarea\" aria-invalid=\"false\" name=\"your-message\"><\/textarea><\/span>\n<\/p>\n<p><input class=\"wpcf7-form-control wpcf7-submit has-spinner\" type=\"submit\" value=\"Skicka\" \/>\n<\/p>\n<p><input type=\"hidden\" name=\"your-subject\" value=\"Kontakt-Ringa\" size=\"40\" class=\"wpcf7-form-control wpcf7-text\" aria-invalid=\"false\" \/>\n<\/p><div class=\"wpcf7-response-output\" aria-hidden=\"true\"><\/div>\n<\/form>\n<\/div>\n<a href='https:\/\/www.plasticsurgery.fi\/sv\/konsultation\/' class='small-button smallgreen'>Konsultation<\/a> \u00a0 \u00a0 <a href='https:\/\/www.plasticsurgery.fi\/sv\/konsultation\/samrad-med-bild\/' class='small-button smallgreen'>Bildkonsultation<\/a><\/p>\n<p>[\/et_pb_text][\/et_pb_column][\/et_pb_row][\/et_pb_section]<\/p>\n","protected":false},"excerpt":{"rendered":"<p>[et_pb_section][et_pb_row][et_pb_column type=&#8221;4_4&#8243;][et_pb_text admin_label=&#8221;Teksti&#8221; background_layout=&#8221;light&#8221; text_orientation=&#8221;left&#8221; use_border_color=&#8221;off&#8221; border_color=&#8221;#ffffff&#8221; border_style=&#8221;solid&#8221; text_line_height=&#8221;2em&#8221;] Ange ditt\u00a0namn och telefonnummer s\u00e5 ringer vi upp dig &nbsp; \u00a0 \u00a0 [\/et_pb_text][\/et_pb_column][\/et_pb_row][\/et_pb_section]<\/p>\n","protected":false},"author":1,"featured_media":0,"parent":488,"menu_order":0,"comment_status":"closed","ping_status":"open","template":"","meta":{"_et_pb_use_builder":"","_et_pb_old_content":"<p>J\u00e4t\u00e4 yhteystietosi meille ja olemme sinuun yhteydess\u00e4 sinulle sopivana ajankohtana.<\/p><p>[contact-form-7 id=\"454\" title=\"Soittopyynto\"]<\/p><p>[button link=\"https:\/\/www.plasticsurgery.fi\/konsultaatio\/\" color=\"green\"] Konsultaatio[\/button] \u00a0 \u00a0 [button link=\"https:\/\/www.plasticsurgery.fi\/kuvakonsultaatio\/\" color=\"green\"] Kuvakonsultaatio[\/button]<\/p>","_et_gb_content_width":"","footnotes":""},"class_list":["post-493","page","type-page","status-publish","hentry"],"yoast_head":"<!-- This site is optimized with the Yoast SEO plugin v26.8 - https:\/\/yoast.com\/product\/yoast-seo-wordpress\/ -->\n<title>Vi kommer att ringa dig - Plastic Surgery Center<\/title>\n<meta name=\"robots\" content=\"index, follow, max-snippet:-1, max-image-preview:large, max-video-preview:-1\" \/>\n<link rel=\"canonical\" href=\"https:\/\/www.plasticsurgery.fi\/sv\/konsultation\/vi-kommer-att-ringa-dig\/\" \/>\n<meta property=\"og:locale\" content=\"sv_SE\" \/>\n<meta property=\"og:type\" content=\"article\" \/>\n<meta property=\"og:title\" content=\"Vi kommer att ringa dig - Plastic Surgery Center\" \/>\n<meta property=\"og:description\" content=\"[et_pb_section][et_pb_row][et_pb_column type=&#8221;4_4&#8243;][et_pb_text admin_label=&#8221;Teksti&#8221; background_layout=&#8221;light&#8221; text_orientation=&#8221;left&#8221; use_border_color=&#8221;off&#8221; border_color=&#8221;#ffffff&#8221; border_style=&#8221;solid&#8221; text_line_height=&#8221;2em&#8221;] Ange ditt\u00a0namn och telefonnummer s\u00e5 ringer vi upp dig &nbsp; \u00a0 \u00a0 [\/et_pb_text][\/et_pb_column][\/et_pb_row][\/et_pb_section]\" \/>\n<meta property=\"og:url\" content=\"https:\/\/www.plasticsurgery.fi\/sv\/konsultation\/vi-kommer-att-ringa-dig\/\" \/>\n<meta property=\"og:site_name\" content=\"Plastic Surgery Center\" \/>\n<meta property=\"article:modified_time\" content=\"2024-06-10T09:24:15+00:00\" \/>\n<meta name=\"twitter:card\" content=\"summary_large_image\" \/>\n<script type=\"application\/ld+json\" class=\"yoast-schema-graph\">{\"@context\":\"https:\/\/schema.org\",\"@graph\":[{\"@type\":\"WebPage\",\"@id\":\"https:\/\/www.plasticsurgery.fi\/sv\/konsultation\/vi-kommer-att-ringa-dig\/\",\"url\":\"https:\/\/www.plasticsurgery.fi\/sv\/konsultation\/vi-kommer-att-ringa-dig\/\",\"name\":\"Vi kommer att ringa dig - Plastic Surgery Center\",\"isPartOf\":{\"@id\":\"https:\/\/www.plasticsurgery.fi\/#website\"},\"datePublished\":\"2015-07-15T11:32:07+00:00\",\"dateModified\":\"2024-06-10T09:24:15+00:00\",\"breadcrumb\":{\"@id\":\"https:\/\/www.plasticsurgery.fi\/sv\/konsultation\/vi-kommer-att-ringa-dig\/#breadcrumb\"},\"inLanguage\":\"sv-SE\",\"potentialAction\":[{\"@type\":\"ReadAction\",\"target\":[\"https:\/\/www.plasticsurgery.fi\/sv\/konsultation\/vi-kommer-att-ringa-dig\/\"]}]},{\"@type\":\"BreadcrumbList\",\"@id\":\"https:\/\/www.plasticsurgery.fi\/sv\/konsultation\/vi-kommer-att-ringa-dig\/#breadcrumb\",\"itemListElement\":[{\"@type\":\"ListItem\",\"position\":1,\"name\":\"Home\",\"item\":\"https:\/\/www.plasticsurgery.fi\/sv\/\"},{\"@type\":\"ListItem\",\"position\":2,\"name\":\"Konsultation\",\"item\":\"https:\/\/www.plasticsurgery.fi\/sv\/konsultation\/\"},{\"@type\":\"ListItem\",\"position\":3,\"name\":\"Vi kommer att ringa dig\"}]},{\"@type\":\"WebSite\",\"@id\":\"https:\/\/www.plasticsurgery.fi\/#website\",\"url\":\"https:\/\/www.plasticsurgery.fi\/\",\"name\":\"Plastic Surgery Center\",\"description\":\"Art of Attraction\",\"potentialAction\":[{\"@type\":\"SearchAction\",\"target\":{\"@type\":\"EntryPoint\",\"urlTemplate\":\"https:\/\/www.plasticsurgery.fi\/?s={search_term_string}\"},\"query-input\":{\"@type\":\"PropertyValueSpecification\",\"valueRequired\":true,\"valueName\":\"search_term_string\"}}],\"inLanguage\":\"sv-SE\"}]}<\/script>\n<!-- \/ Yoast SEO plugin. -->","yoast_head_json":{"title":"Vi kommer att ringa dig - Plastic Surgery Center","robots":{"index":"index","follow":"follow","max-snippet":"max-snippet:-1","max-image-preview":"max-image-preview:large","max-video-preview":"max-video-preview:-1"},"canonical":"https:\/\/www.plasticsurgery.fi\/sv\/konsultation\/vi-kommer-att-ringa-dig\/","og_locale":"sv_SE","og_type":"article","og_title":"Vi kommer att ringa dig - Plastic Surgery Center","og_description":"[et_pb_section][et_pb_row][et_pb_column type=&#8221;4_4&#8243;][et_pb_text admin_label=&#8221;Teksti&#8221; background_layout=&#8221;light&#8221; text_orientation=&#8221;left&#8221; use_border_color=&#8221;off&#8221; border_color=&#8221;#ffffff&#8221; border_style=&#8221;solid&#8221; text_line_height=&#8221;2em&#8221;] Ange ditt\u00a0namn och telefonnummer s\u00e5 ringer vi upp dig &nbsp; \u00a0 \u00a0 [\/et_pb_text][\/et_pb_column][\/et_pb_row][\/et_pb_section]","og_url":"https:\/\/www.plasticsurgery.fi\/sv\/konsultation\/vi-kommer-att-ringa-dig\/","og_site_name":"Plastic Surgery Center","article_modified_time":"2024-06-10T09:24:15+00:00","twitter_card":"summary_large_image","schema":{"@context":"https:\/\/schema.org","@graph":[{"@type":"WebPage","@id":"https:\/\/www.plasticsurgery.fi\/sv\/konsultation\/vi-kommer-att-ringa-dig\/","url":"https:\/\/www.plasticsurgery.fi\/sv\/konsultation\/vi-kommer-att-ringa-dig\/","name":"Vi kommer att ringa dig - Plastic Surgery Center","isPartOf":{"@id":"https:\/\/www.plasticsurgery.fi\/#website"},"datePublished":"2015-07-15T11:32:07+00:00","dateModified":"2024-06-10T09:24:15+00:00","breadcrumb":{"@id":"https:\/\/www.plasticsurgery.fi\/sv\/konsultation\/vi-kommer-att-ringa-dig\/#breadcrumb"},"inLanguage":"sv-SE","potentialAction":[{"@type":"ReadAction","target":["https:\/\/www.plasticsurgery.fi\/sv\/konsultation\/vi-kommer-att-ringa-dig\/"]}]},{"@type":"BreadcrumbList","@id":"https:\/\/www.plasticsurgery.fi\/sv\/konsultation\/vi-kommer-att-ringa-dig\/#breadcrumb","itemListElement":[{"@type":"ListItem","position":1,"name":"Home","item":"https:\/\/www.plasticsurgery.fi\/sv\/"},{"@type":"ListItem","position":2,"name":"Konsultation","item":"https:\/\/www.plasticsurgery.fi\/sv\/konsultation\/"},{"@type":"ListItem","position":3,"name":"Vi kommer att ringa dig"}]},{"@type":"WebSite","@id":"https:\/\/www.plasticsurgery.fi\/#website","url":"https:\/\/www.plasticsurgery.fi\/","name":"Plastic Surgery Center","description":"Art of Attraction","potentialAction":[{"@type":"SearchAction","target":{"@type":"EntryPoint","urlTemplate":"https:\/\/www.plasticsurgery.fi\/?s={search_term_string}"},"query-input":{"@type":"PropertyValueSpecification","valueRequired":true,"valueName":"search_term_string"}}],"inLanguage":"sv-SE"}]}},"_links":{"self":[{"href":"https:\/\/www.plasticsurgery.fi\/sv\/wp-json\/wp\/v2\/pages\/493","targetHints":{"allow":["GET"]}}],"collection":[{"href":"https:\/\/www.plasticsurgery.fi\/sv\/wp-json\/wp\/v2\/pages"}],"about":[{"href":"https:\/\/www.plasticsurgery.fi\/sv\/wp-json\/wp\/v2\/types\/page"}],"author":[{"embeddable":true,"href":"https:\/\/www.plasticsurgery.fi\/sv\/wp-json\/wp\/v2\/users\/1"}],"replies":[{"embeddable":true,"href":"https:\/\/www.plasticsurgery.fi\/sv\/wp-json\/wp\/v2\/comments?post=493"}],"version-history":[{"count":1,"href":"https:\/\/www.plasticsurgery.fi\/sv\/wp-json\/wp\/v2\/pages\/493\/revisions"}],"predecessor-version":[{"id":10194,"href":"https:\/\/www.plasticsurgery.fi\/sv\/wp-json\/wp\/v2\/pages\/493\/revisions\/10194"}],"up":[{"embeddable":true,"href":"https:\/\/www.plasticsurgery.fi\/sv\/wp-json\/wp\/v2\/pages\/488"}],"wp:attachment":[{"href":"https:\/\/www.plasticsurgery.fi\/sv\/wp-json\/wp\/v2\/media?parent=493"}],"curies":[{"name":"wp","href":"https:\/\/api.w.org\/{rel}","templated":true}]}}