{"id":6374,"date":"2015-06-30T17:36:27","date_gmt":"2015-06-30T15:36:27","guid":{"rendered":"https:\/\/www.plasticsurgery.fi\/?page_id=6374"},"modified":"2024-06-10T11:31:55","modified_gmt":"2024-06-10T09:31:55","slug":"konsultaatio","status":"publish","type":"page","link":"https:\/\/www.plasticsurgery.fi\/zh-hans\/konsultaatio\/","title":{"rendered":"\u54a8\u8be2"},"content":{"rendered":"<p>[et_pb_section fb_built=&#8221;1&#8243; admin_label=&#8221;section&#8221; _builder_version=&#8221;3.22&#8243;][et_pb_row column_structure=&#8221;2_3,1_3&#8243; admin_label=&#8221;row&#8221; _builder_version=&#8221;3.25&#8243; background_size=&#8221;initial&#8221; background_position=&#8221;top_left&#8221; background_repeat=&#8221;repeat&#8221;][et_pb_column type=&#8221;2_3&#8243; _builder_version=&#8221;3.25&#8243; custom_padding=&#8221;|||&#8221; custom_padding__hover=&#8221;|||&#8221;][et_pb_text admin_label=&#8221;Teksti&#8221; _builder_version=&#8221;4.3.2&#8243; background_size=&#8221;initial&#8221; background_position=&#8221;top_left&#8221; background_repeat=&#8221;repeat&#8221; hover_enabled=&#8221;0&#8243; use_border_color=&#8221;off&#8221; border_color=&#8221;#ffffff&#8221; border_style=&#8221;solid&#8221;]<\/p>\n<p>&nbsp;<\/p>\n<h2>\u514d\u8d39\u54a8\u8be2<\/h2>\n<p>\u5728\u54a8\u8be2\u671f\u95f4\uff0c\u6211\u4eec\u5c06\u4e3a\u60a8\u63d0\u4f9b\u6709\u5173\u60a8\u611f\u5174\u8da3\u7684\u6709\u5173\u5404\u79cd\u6cbb\u7597\u7684\u66f4\u591a\u4fe1\u606f\u3002 \u54a8\u8be2\u65f6\uff0c\u60a8\u7684\u533b\u751f\u6216\u62a4\u58eb\u5c06\u544a\u8bc9\u60a8\u8be5\u7a0b\u5e8f\u6240\u6d89\u53ca\u7684\u6240\u6709\u6b65\u9aa4\uff0c\u5373\u51c6\u5907\u4e8b\u5b9c\uff0c\u64cd\u4f5c\u8fc7\u7a0b\u548c\u6cbb\u7597\u540e\u7684\u62a4\u7406\u3002 \u5728\u54a8\u8be2\u671f\u95f4\uff0c\u6211\u4eec\u4e0e\u5ba2\u6237\u4e00\u8d77\u8ba1\u5212\u5e76\u6307\u5b9a\u76f8\u5173\u7684\u6cbb\u7597\u7a0b\u5e8f\u3002\u6211\u4eec\u4f1a\u8ba4\u771f\u7684\u542c\u53d6\u5ba2\u4eba\u7684\u610f\u613f\uff0c\u5e76\u5171\u540c\u9009\u62e9\u6700\u4f73\u7684\u65b9\u6cd5\u3002<br \/>\u60a8\u53ef\u4ee5\u5728\u8d6b\u5c14\u8f9b\u57fa\uff0c\u5766\u4f69\u96f7\uff0c\u56fe\u5c14\u5e93\u6216\u5965\u5362\u4efb\u4f55\u6211\u4eec\u7684\u8bca\u6240\u9884\u7ea6\u514d\u8d39\u7684\u9884\u7ea6\u65f6\u95f4\u3002\u6211\u4eec\u63d0\u4f9b\u82ac\u5170\u8bed\uff0c\u745e\u5178\u8bed\u548c\u82f1\u8bed\u7684\u670d\u52a1\u3002<br \/>\u6b22\u8fce\u9884\u7ea6\u514d\u8d39\u54a8\u8be2\u5e76\u4e86\u89e3\u76f8\u5173\u7684\u6cbb\u7597\u65b9\u6cd5\u3002<\/p>\n<p><a href='https:\/\/www.plasticsurgery.fi\/zh-hans\/kuvakonsultaatio\/' class='small-button smallgreen'>\u56fe\u7247\u54a8\u8be2<\/a> \u00a0<a href='https:\/\/www.plasticsurgery.fi\/zh-hans\/jata-soittopyynto\/' class='small-button smallgreen'>\u8bf7\u6c42\u56de\u590d<\/a><\/p>\n<p>&nbsp;<\/p>\n<h3>\u8054\u7cfb\u6211\u4eec\u548c\u9884\u5b9a\u54a8\u8be2\u65f6\u95f4<\/h3>\n\n<div class=\"wpcf7 no-js\" id=\"wpcf7-f6769-o1\" lang=\"fi\" dir=\"ltr\" data-wpcf7-id=\"6769\">\n<div class=\"screen-reader-response\"><p role=\"status\" aria-live=\"polite\" aria-atomic=\"true\"><\/p> <ul><\/ul><\/div>\n<form action=\"\/zh-hans\/wp-json\/wp\/v2\/pages\/6374#wpcf7-f6769-o1\" method=\"post\" class=\"wpcf7-form init\" aria-label=\"Yhteydenottolomake\" novalidate=\"novalidate\" data-status=\"init\">\n<fieldset class=\"hidden-fields-container\"><input type=\"hidden\" name=\"_wpcf7\" value=\"6769\" \/><input type=\"hidden\" name=\"_wpcf7_version\" value=\"6.1.4\" \/><input type=\"hidden\" name=\"_wpcf7_locale\" value=\"fi\" \/><input type=\"hidden\" name=\"_wpcf7_unit_tag\" value=\"wpcf7-f6769-o1\" \/><input type=\"hidden\" name=\"_wpcf7_container_post\" value=\"0\" \/><input type=\"hidden\" name=\"_wpcf7_posted_data_hash\" value=\"\" \/>\n<\/fieldset>\n<p>\u59d3\u540d\n<\/p>\n<p><span class=\"wpcf7-form-control-wrap\" data-name=\"your-name\"><input size=\"40\" maxlength=\"400\" class=\"wpcf7-form-control wpcf7-text\" aria-invalid=\"false\" value=\"\" type=\"text\" name=\"your-name\" \/><\/span>\n<\/p>\n<p>\u7535\u5b50\u90ae\u4ef6\n<\/p>\n<p><span class=\"wpcf7-form-control-wrap\" data-name=\"your-email\"><input size=\"40\" maxlength=\"400\" class=\"wpcf7-form-control wpcf7-email wpcf7-validates-as-required wpcf7-text wpcf7-validates-as-email\" aria-required=\"true\" aria-invalid=\"false\" value=\"\" type=\"email\" name=\"your-email\" \/><\/span>\n<\/p>\n<p>\u9009\u62e9\u8bca\u6240\n<\/p>\n<p><span class=\"wpcf7-form-control-wrap\" data-name=\"Klinikka\"><select class=\"wpcf7-form-control wpcf7-select wpcf7-validates-as-required\" aria-required=\"true\" aria-invalid=\"false\" name=\"Klinikka\"><option value=\"\">&#8212;Valitse vaihtoehto&#8212;<\/option><option value=\"Helsinki\">Helsinki<\/option><option value=\"Turku\">Turku<\/option><option value=\"Tampere\">Tampere<\/option><option value=\"Porvoo\">Porvoo<\/option><option value=\"Oulu\">Oulu<\/option><\/select><\/span>\n<\/p>\n<p>\u4fe1\u606f\n<\/p>\n<p><span class=\"wpcf7-form-control-wrap\" data-name=\"your-message\"><textarea cols=\"40\" rows=\"10\" maxlength=\"2000\" class=\"wpcf7-form-control wpcf7-textarea\" aria-invalid=\"false\" name=\"your-message\"><\/textarea><\/span>\n<\/p>\n<p><input class=\"wpcf7-form-control wpcf7-submit has-spinner\" type=\"submit\" value=\"\u53d1\u9001\" \/>\n<\/p>\n<p><input type=\"hidden\" name=\"your-subject\" value=\"Yhteydenotto\" size=\"40\" class=\"wpcf7-form-control wpcf7-text\" aria-invalid=\"false\" \/>\n<\/p><div class=\"wpcf7-response-output\" aria-hidden=\"true\"><\/div>\n<\/form>\n<\/div>\n\n<p>[\/et_pb_text][\/et_pb_column][et_pb_column type=&#8221;1_3&#8243; _builder_version=&#8221;3.25&#8243; custom_padding=&#8221;|||&#8221; custom_padding__hover=&#8221;|||&#8221;][et_pb_image src=&#8221;https:\/\/www.plasticsurgery.fi\/wp-content\/uploads\/2015\/06\/shutterstock_2771468061.jpg&#8221; align_tablet=&#8221;center&#8221; align_phone=&#8221;&#8221; align_last_edited=&#8221;on|desktop&#8221; admin_label=&#8221;Kuva&#8221; _builder_version=&#8221;3.23&#8243; custom_margin=&#8221;25px|||&#8221; animation_style=&#8221;fade&#8221; animation_duration=&#8221;500ms&#8221; use_border_color=&#8221;off&#8221; border_color=&#8221;#ffffff&#8221; border_style=&#8221;solid&#8221; sticky=&#8221;off&#8221; always_center_on_mobile=&#8221;on&#8221;][\/et_pb_image][\/et_pb_column][\/et_pb_row][\/et_pb_section]<\/p>\n","protected":false},"excerpt":{"rendered":"<p>&nbsp; \u514d\u8d39\u54a8\u8be2 \u5728\u54a8\u8be2\u671f\u95f4\uff0c\u6211\u4eec\u5c06\u4e3a\u60a8\u63d0\u4f9b\u6709\u5173\u60a8\u611f\u5174\u8da3\u7684\u6709\u5173\u5404\u79cd\u6cbb\u7597\u7684\u66f4\u591a\u4fe1\u606f\u3002 \u54a8\u8be2\u65f6\uff0c\u60a8\u7684\u533b\u751f\u6216\u62a4 [&hellip;]<\/p>\n","protected":false},"author":1,"featured_media":0,"parent":0,"menu_order":0,"comment_status":"closed","ping_status":"open","template":"","meta":{"_et_pb_use_builder":"on","_et_pb_old_content":"[et_pb_section fb_built=\"1\" admin_label=\"section\" _builder_version=\"3.22\"][et_pb_row admin_label=\"row\" _builder_version=\"3.25\" background_size=\"initial\" background_position=\"top_left\" background_repeat=\"repeat\" column_structure=\"2_3,1_3\"][et_pb_column type=\"2_3\" _builder_version=\"3.25\" custom_padding=\"|||\" custom_padding__hover=\"|||\"][et_pb_text admin_label=\"Teksti\" _builder_version=\"3.27.4\" background_size=\"initial\" background_position=\"top_left\" background_repeat=\"repeat\" use_border_color=\"off\" border_color=\"#ffffff\" border_style=\"solid\"]\n\n&nbsp;\n<h2>Tule meille maksuttomaan konsultaatioon<\/h2>\nKonsultaatio antaa paljon lis\u00e4tietoja sinua kiinnostavista toimenpiteist\u00e4. Konsultaatiossa l\u00e4\u00e4k\u00e4ri tai hoitaja kertoo sinulle kaikista toimenpiteeseen liittyvist\u00e4 vaiheista eli siihen valmistautumisesta, tapahtumista ja j\u00e4lkihoidosta. Konsultaatiossa suunnittelemme toimenpiteen yhdess\u00e4 asiakkaan kanssa. Kuuntelemme asiakkaan omia toiveita ja valitsemme yhdess\u00e4 parhaimman menetelm\u00e4n.\n\nVoit varata maksuttoman konsultaatioajan joko Helsingin, Tampereen, Turun tai Oulun toimipisteeseen. Palvelemme asiakkaita suomen, ruotsin ja englannin kielell\u00e4.\n\nL\u00e4mpim\u00e4sti tervetuloa maksuttomaan konsultaatioon ja toimenpiteisiimme.&nbsp;\n\n[button link=\"https:\/\/www.plasticsurgery.fi\/kuvakonsultaatio\/\" color=\"green\"] Kuvakonsultaatio[\/button] &nbsp;[button link=\"https:\/\/www.plasticsurgery.fi\/jata-soittopyynto\/\" color=\"green\"] J\u00e4t\u00e4 soittopyynt\u00f6[\/button]\n\n&nbsp;\n<h3>Ota yhteytt\u00e4 ja varaa aika konsultaatioon<\/h3>\n[contact-form-7 id=\"446\" title=\"Ota Yhteytta\"]\n\n[\/et_pb_text][\/et_pb_column][et_pb_column type=\"1_3\" _builder_version=\"3.25\" custom_padding=\"|||\" custom_padding__hover=\"|||\"][et_pb_image src=\"https:\/\/www.plasticsurgery.fi\/wp-content\/uploads\/2015\/06\/shutterstock_2771468061.jpg\" align_tablet=\"center\" align_last_edited=\"on|desktop\" admin_label=\"Kuva\" _builder_version=\"3.23\" custom_margin=\"25px|||\" animation_style=\"fade\" animation_duration=\"500ms\" use_border_color=\"off\" border_color=\"#ffffff\" border_style=\"solid\" sticky=\"off\" always_center_on_mobile=\"on\"][\/et_pb_image][\/et_pb_column][\/et_pb_row][\/et_pb_section]","_et_gb_content_width":"","footnotes":""},"class_list":["post-6374","page","type-page","status-publish","hentry"],"yoast_head":"<!-- This site is optimized with the Yoast SEO plugin v26.8 - https:\/\/yoast.com\/product\/yoast-seo-wordpress\/ -->\n<title>\u54a8\u8be2 - Plastic Surgery Center<\/title>\n<meta name=\"robots\" content=\"index, follow, max-snippet:-1, max-image-preview:large, max-video-preview:-1\" \/>\n<link rel=\"canonical\" href=\"https:\/\/www.plasticsurgery.fi\/zh-hans\/konsultaatio\/\" \/>\n<meta property=\"og:locale\" content=\"zh_CN\" \/>\n<meta property=\"og:type\" content=\"article\" \/>\n<meta property=\"og:title\" content=\"\u54a8\u8be2 - Plastic Surgery Center\" \/>\n<meta property=\"og:description\" content=\"&nbsp; \u514d\u8d39\u54a8\u8be2 \u5728\u54a8\u8be2\u671f\u95f4\uff0c\u6211\u4eec\u5c06\u4e3a\u60a8\u63d0\u4f9b\u6709\u5173\u60a8\u611f\u5174\u8da3\u7684\u6709\u5173\u5404\u79cd\u6cbb\u7597\u7684\u66f4\u591a\u4fe1\u606f\u3002 \u54a8\u8be2\u65f6\uff0c\u60a8\u7684\u533b\u751f\u6216\u62a4 [&hellip;]\" \/>\n<meta property=\"og:url\" content=\"https:\/\/www.plasticsurgery.fi\/zh-hans\/konsultaatio\/\" \/>\n<meta property=\"og:site_name\" content=\"Plastic Surgery Center\" \/>\n<meta property=\"article:modified_time\" content=\"2024-06-10T09:31:55+00:00\" \/>\n<meta name=\"twitter:card\" content=\"summary_large_image\" \/>\n<meta name=\"twitter:label1\" content=\"\u9884\u8ba1\u9605\u8bfb\u65f6\u95f4\" \/>\n\t<meta name=\"twitter:data1\" content=\"1 \u5206\" \/>\n<script type=\"application\/ld+json\" class=\"yoast-schema-graph\">{\"@context\":\"https:\/\/schema.org\",\"@graph\":[{\"@type\":\"WebPage\",\"@id\":\"https:\/\/www.plasticsurgery.fi\/zh-hans\/konsultaatio\/\",\"url\":\"https:\/\/www.plasticsurgery.fi\/zh-hans\/konsultaatio\/\",\"name\":\"\u54a8\u8be2 - Plastic Surgery Center\",\"isPartOf\":{\"@id\":\"https:\/\/www.plasticsurgery.fi\/#website\"},\"datePublished\":\"2015-06-30T15:36:27+00:00\",\"dateModified\":\"2024-06-10T09:31:55+00:00\",\"breadcrumb\":{\"@id\":\"https:\/\/www.plasticsurgery.fi\/zh-hans\/konsultaatio\/#breadcrumb\"},\"inLanguage\":\"zh-Hans\",\"potentialAction\":[{\"@type\":\"ReadAction\",\"target\":[\"https:\/\/www.plasticsurgery.fi\/zh-hans\/konsultaatio\/\"]}]},{\"@type\":\"BreadcrumbList\",\"@id\":\"https:\/\/www.plasticsurgery.fi\/zh-hans\/konsultaatio\/#breadcrumb\",\"itemListElement\":[{\"@type\":\"ListItem\",\"position\":1,\"name\":\"Home\",\"item\":\"https:\/\/www.plasticsurgery.fi\/zh-hans\/\"},{\"@type\":\"ListItem\",\"position\":2,\"name\":\"\u54a8\u8be2\"}]},{\"@type\":\"WebSite\",\"@id\":\"https:\/\/www.plasticsurgery.fi\/#website\",\"url\":\"https:\/\/www.plasticsurgery.fi\/\",\"name\":\"Plastic Surgery Center\",\"description\":\"Art of Attraction\",\"potentialAction\":[{\"@type\":\"SearchAction\",\"target\":{\"@type\":\"EntryPoint\",\"urlTemplate\":\"https:\/\/www.plasticsurgery.fi\/?s={search_term_string}\"},\"query-input\":{\"@type\":\"PropertyValueSpecification\",\"valueRequired\":true,\"valueName\":\"search_term_string\"}}],\"inLanguage\":\"zh-Hans\"}]}<\/script>\n<!-- \/ Yoast SEO plugin. -->","yoast_head_json":{"title":"\u54a8\u8be2 - Plastic Surgery Center","robots":{"index":"index","follow":"follow","max-snippet":"max-snippet:-1","max-image-preview":"max-image-preview:large","max-video-preview":"max-video-preview:-1"},"canonical":"https:\/\/www.plasticsurgery.fi\/zh-hans\/konsultaatio\/","og_locale":"zh_CN","og_type":"article","og_title":"\u54a8\u8be2 - Plastic Surgery Center","og_description":"&nbsp; \u514d\u8d39\u54a8\u8be2 \u5728\u54a8\u8be2\u671f\u95f4\uff0c\u6211\u4eec\u5c06\u4e3a\u60a8\u63d0\u4f9b\u6709\u5173\u60a8\u611f\u5174\u8da3\u7684\u6709\u5173\u5404\u79cd\u6cbb\u7597\u7684\u66f4\u591a\u4fe1\u606f\u3002 \u54a8\u8be2\u65f6\uff0c\u60a8\u7684\u533b\u751f\u6216\u62a4 [&hellip;]","og_url":"https:\/\/www.plasticsurgery.fi\/zh-hans\/konsultaatio\/","og_site_name":"Plastic Surgery Center","article_modified_time":"2024-06-10T09:31:55+00:00","twitter_card":"summary_large_image","twitter_misc":{"\u9884\u8ba1\u9605\u8bfb\u65f6\u95f4":"1 \u5206"},"schema":{"@context":"https:\/\/schema.org","@graph":[{"@type":"WebPage","@id":"https:\/\/www.plasticsurgery.fi\/zh-hans\/konsultaatio\/","url":"https:\/\/www.plasticsurgery.fi\/zh-hans\/konsultaatio\/","name":"\u54a8\u8be2 - Plastic Surgery Center","isPartOf":{"@id":"https:\/\/www.plasticsurgery.fi\/#website"},"datePublished":"2015-06-30T15:36:27+00:00","dateModified":"2024-06-10T09:31:55+00:00","breadcrumb":{"@id":"https:\/\/www.plasticsurgery.fi\/zh-hans\/konsultaatio\/#breadcrumb"},"inLanguage":"zh-Hans","potentialAction":[{"@type":"ReadAction","target":["https:\/\/www.plasticsurgery.fi\/zh-hans\/konsultaatio\/"]}]},{"@type":"BreadcrumbList","@id":"https:\/\/www.plasticsurgery.fi\/zh-hans\/konsultaatio\/#breadcrumb","itemListElement":[{"@type":"ListItem","position":1,"name":"Home","item":"https:\/\/www.plasticsurgery.fi\/zh-hans\/"},{"@type":"ListItem","position":2,"name":"\u54a8\u8be2"}]},{"@type":"WebSite","@id":"https:\/\/www.plasticsurgery.fi\/#website","url":"https:\/\/www.plasticsurgery.fi\/","name":"Plastic Surgery Center","description":"Art of Attraction","potentialAction":[{"@type":"SearchAction","target":{"@type":"EntryPoint","urlTemplate":"https:\/\/www.plasticsurgery.fi\/?s={search_term_string}"},"query-input":{"@type":"PropertyValueSpecification","valueRequired":true,"valueName":"search_term_string"}}],"inLanguage":"zh-Hans"}]}},"_links":{"self":[{"href":"https:\/\/www.plasticsurgery.fi\/zh-hans\/wp-json\/wp\/v2\/pages\/6374","targetHints":{"allow":["GET"]}}],"collection":[{"href":"https:\/\/www.plasticsurgery.fi\/zh-hans\/wp-json\/wp\/v2\/pages"}],"about":[{"href":"https:\/\/www.plasticsurgery.fi\/zh-hans\/wp-json\/wp\/v2\/types\/page"}],"author":[{"embeddable":true,"href":"https:\/\/www.plasticsurgery.fi\/zh-hans\/wp-json\/wp\/v2\/users\/1"}],"replies":[{"embeddable":true,"href":"https:\/\/www.plasticsurgery.fi\/zh-hans\/wp-json\/wp\/v2\/comments?post=6374"}],"version-history":[{"count":6,"href":"https:\/\/www.plasticsurgery.fi\/zh-hans\/wp-json\/wp\/v2\/pages\/6374\/revisions"}],"predecessor-version":[{"id":6770,"href":"https:\/\/www.plasticsurgery.fi\/zh-hans\/wp-json\/wp\/v2\/pages\/6374\/revisions\/6770"}],"wp:attachment":[{"href":"https:\/\/www.plasticsurgery.fi\/zh-hans\/wp-json\/wp\/v2\/media?parent=6374"}],"curies":[{"name":"wp","href":"https:\/\/api.w.org\/{rel}","templated":true}]}}