{"id":6387,"date":"2015-07-15T13:32:07","date_gmt":"2015-07-15T11:32:07","guid":{"rendered":"https:\/\/www.plasticsurgery.fi\/?page_id=6387"},"modified":"2024-06-10T11:24:16","modified_gmt":"2024-06-10T09:24:16","slug":"cn-jata-soittopyynto","status":"publish","type":"page","link":"https:\/\/www.plasticsurgery.fi\/zh-hans\/konsultaatio\/cn-jata-soittopyynto\/","title":{"rendered":"\u56de\u7535\u8bf7\u6c42"},"content":{"rendered":"<p>J\u00e4t\u00e4 yhteystietosi meille. Olemme sinuun yhteydess\u00e4 sinulle sopivana ajankohtana.<\/p>\n\n<div class=\"wpcf7 no-js\" id=\"wpcf7-f6765-o1\" lang=\"fi\" dir=\"ltr\" data-wpcf7-id=\"6765\">\n<div class=\"screen-reader-response\"><p role=\"status\" aria-live=\"polite\" aria-atomic=\"true\"><\/p> <ul><\/ul><\/div>\n<form action=\"\/zh-hans\/wp-json\/wp\/v2\/pages\/6387#wpcf7-f6765-o1\" method=\"post\" class=\"wpcf7-form init\" aria-label=\"Yhteydenottolomake\" novalidate=\"novalidate\" data-status=\"init\">\n<fieldset class=\"hidden-fields-container\"><input type=\"hidden\" name=\"_wpcf7\" value=\"6765\" \/><input type=\"hidden\" name=\"_wpcf7_version\" value=\"6.1.4\" \/><input type=\"hidden\" name=\"_wpcf7_locale\" value=\"fi\" \/><input type=\"hidden\" name=\"_wpcf7_unit_tag\" value=\"wpcf7-f6765-o1\" \/><input type=\"hidden\" name=\"_wpcf7_container_post\" value=\"0\" \/><input type=\"hidden\" name=\"_wpcf7_posted_data_hash\" value=\"\" \/>\n<\/fieldset>\n<p>\u59d3\u540d\n<\/p>\n<p><span class=\"wpcf7-form-control-wrap\" data-name=\"your-name\"><input size=\"40\" maxlength=\"400\" class=\"wpcf7-form-control wpcf7-text wpcf7-validates-as-required\" aria-required=\"true\" aria-invalid=\"false\" value=\"\" type=\"text\" name=\"your-name\" \/><\/span>\n<\/p>\n<p>\u7535\u8bdd\u53f7\u7801\n<\/p>\n<p><span class=\"wpcf7-form-control-wrap\" data-name=\"Puhelinnro\"><input size=\"40\" maxlength=\"400\" class=\"wpcf7-form-control wpcf7-tel wpcf7-validates-as-required wpcf7-text wpcf7-validates-as-tel\" aria-required=\"true\" aria-invalid=\"false\" value=\"\" type=\"tel\" name=\"Puhelinnro\" \/><\/span>\n<\/p>\n<p><br \/>\n\u9009\u62e9\u8bca\u6240\n<\/p>\n<p><span class=\"wpcf7-form-control-wrap\" data-name=\"Klinikka\"><select class=\"wpcf7-form-control wpcf7-select wpcf7-validates-as-required\" aria-required=\"true\" aria-invalid=\"false\" name=\"Klinikka\"><option value=\"\">&#8212;Valitse vaihtoehto&#8212;<\/option><option value=\"Helsinki\">Helsinki<\/option><option value=\"Turku\">Turku<\/option><option value=\"Tampere\">Tampere<\/option><option value=\"Porvoo\">Porvoo<\/option><option value=\"Lappeenranta\">Lappeenranta<\/option><option value=\"Oulu\">Oulu<\/option><\/select><\/span>\n<\/p>\n<p>\u6d88\u606f\u548c\u9002\u5f53\u7684\u6821\u51c6\u65f6\u95f4\n<\/p>\n<p><span class=\"wpcf7-form-control-wrap\" data-name=\"your-message\"><textarea cols=\"40\" rows=\"10\" maxlength=\"2000\" class=\"wpcf7-form-control wpcf7-textarea\" aria-invalid=\"false\" name=\"your-message\"><\/textarea><\/span>\n<\/p>\n<p><input class=\"wpcf7-form-control wpcf7-submit has-spinner\" type=\"submit\" value=\"\u53d1\u9001\" \/>\n<\/p>\n<p><input type=\"hidden\" name=\"your-subject\" value=\"Soittopyynt\u00f6\" size=\"40\" class=\"wpcf7-form-control wpcf7-text\" aria-invalid=\"false\" \/>\n<\/p><div class=\"wpcf7-response-output\" aria-hidden=\"true\"><\/div>\n<\/form>\n<\/div>\n\n<p><a href='https:\/\/www.plasticsurgery.fi\/zh-hans\/konsultaatio\/' class='small-button smallgreen'>\u54a8\u8be2<\/a>&nbsp;&nbsp; &nbsp; <a href='https:\/\/www.plasticsurgery.fi\/zh-hans\/konsultaatio\/cn-kuvakonsultaatio\/' class='small-button smallgreen'>\u56fe\u7247\u54a8\u8be2<\/a><\/p>\n","protected":false},"excerpt":{"rendered":"<p>J\u00e4t\u00e4 yhteystietosi meille. Olemme sinuun yhteydess\u00e4 sin [&hellip;]<\/p>\n","protected":false},"author":1,"featured_media":0,"parent":6374,"menu_order":0,"comment_status":"closed","ping_status":"open","template":"","meta":{"_et_pb_use_builder":"","_et_pb_old_content":"","_et_gb_content_width":"","footnotes":""},"class_list":["post-6387","page","type-page","status-publish","hentry"],"yoast_head":"<!-- This site is optimized with the Yoast SEO plugin v26.8 - https:\/\/yoast.com\/product\/yoast-seo-wordpress\/ -->\n<title>\u56de\u7535\u8bf7\u6c42 - Plastic Surgery Center<\/title>\n<meta name=\"robots\" content=\"index, follow, max-snippet:-1, max-image-preview:large, max-video-preview:-1\" \/>\n<link rel=\"canonical\" href=\"https:\/\/www.plasticsurgery.fi\/zh-hans\/konsultaatio\/cn-jata-soittopyynto\/\" \/>\n<meta property=\"og:locale\" content=\"zh_CN\" \/>\n<meta property=\"og:type\" content=\"article\" \/>\n<meta property=\"og:title\" content=\"\u56de\u7535\u8bf7\u6c42 - Plastic Surgery Center\" \/>\n<meta property=\"og:description\" content=\"J\u00e4t\u00e4 yhteystietosi meille. Olemme sinuun yhteydess\u00e4 sin [&hellip;]\" \/>\n<meta property=\"og:url\" content=\"https:\/\/www.plasticsurgery.fi\/zh-hans\/konsultaatio\/cn-jata-soittopyynto\/\" \/>\n<meta property=\"og:site_name\" content=\"Plastic Surgery Center\" \/>\n<meta property=\"article:modified_time\" content=\"2024-06-10T09:24:16+00:00\" \/>\n<meta name=\"twitter:card\" content=\"summary_large_image\" \/>\n<script type=\"application\/ld+json\" class=\"yoast-schema-graph\">{\"@context\":\"https:\/\/schema.org\",\"@graph\":[{\"@type\":\"WebPage\",\"@id\":\"https:\/\/www.plasticsurgery.fi\/zh-hans\/konsultaatio\/cn-jata-soittopyynto\/\",\"url\":\"https:\/\/www.plasticsurgery.fi\/zh-hans\/konsultaatio\/cn-jata-soittopyynto\/\",\"name\":\"\u56de\u7535\u8bf7\u6c42 - Plastic Surgery Center\",\"isPartOf\":{\"@id\":\"https:\/\/www.plasticsurgery.fi\/#website\"},\"datePublished\":\"2015-07-15T11:32:07+00:00\",\"dateModified\":\"2024-06-10T09:24:16+00:00\",\"breadcrumb\":{\"@id\":\"https:\/\/www.plasticsurgery.fi\/zh-hans\/konsultaatio\/cn-jata-soittopyynto\/#breadcrumb\"},\"inLanguage\":\"zh-Hans\",\"potentialAction\":[{\"@type\":\"ReadAction\",\"target\":[\"https:\/\/www.plasticsurgery.fi\/zh-hans\/konsultaatio\/cn-jata-soittopyynto\/\"]}]},{\"@type\":\"BreadcrumbList\",\"@id\":\"https:\/\/www.plasticsurgery.fi\/zh-hans\/konsultaatio\/cn-jata-soittopyynto\/#breadcrumb\",\"itemListElement\":[{\"@type\":\"ListItem\",\"position\":1,\"name\":\"Home\",\"item\":\"https:\/\/www.plasticsurgery.fi\/zh-hans\/\"},{\"@type\":\"ListItem\",\"position\":2,\"name\":\"\u54a8\u8be2\",\"item\":\"https:\/\/www.plasticsurgery.fi\/zh-hans\/konsultaatio\/\"},{\"@type\":\"ListItem\",\"position\":3,\"name\":\"\u56de\u7535\u8bf7\u6c42\"}]},{\"@type\":\"WebSite\",\"@id\":\"https:\/\/www.plasticsurgery.fi\/#website\",\"url\":\"https:\/\/www.plasticsurgery.fi\/\",\"name\":\"Plastic Surgery Center\",\"description\":\"Art of Attraction\",\"potentialAction\":[{\"@type\":\"SearchAction\",\"target\":{\"@type\":\"EntryPoint\",\"urlTemplate\":\"https:\/\/www.plasticsurgery.fi\/?s={search_term_string}\"},\"query-input\":{\"@type\":\"PropertyValueSpecification\",\"valueRequired\":true,\"valueName\":\"search_term_string\"}}],\"inLanguage\":\"zh-Hans\"}]}<\/script>\n<!-- \/ Yoast SEO plugin. -->","yoast_head_json":{"title":"\u56de\u7535\u8bf7\u6c42 - Plastic Surgery Center","robots":{"index":"index","follow":"follow","max-snippet":"max-snippet:-1","max-image-preview":"max-image-preview:large","max-video-preview":"max-video-preview:-1"},"canonical":"https:\/\/www.plasticsurgery.fi\/zh-hans\/konsultaatio\/cn-jata-soittopyynto\/","og_locale":"zh_CN","og_type":"article","og_title":"\u56de\u7535\u8bf7\u6c42 - Plastic Surgery Center","og_description":"J\u00e4t\u00e4 yhteystietosi meille. Olemme sinuun yhteydess\u00e4 sin [&hellip;]","og_url":"https:\/\/www.plasticsurgery.fi\/zh-hans\/konsultaatio\/cn-jata-soittopyynto\/","og_site_name":"Plastic Surgery Center","article_modified_time":"2024-06-10T09:24:16+00:00","twitter_card":"summary_large_image","schema":{"@context":"https:\/\/schema.org","@graph":[{"@type":"WebPage","@id":"https:\/\/www.plasticsurgery.fi\/zh-hans\/konsultaatio\/cn-jata-soittopyynto\/","url":"https:\/\/www.plasticsurgery.fi\/zh-hans\/konsultaatio\/cn-jata-soittopyynto\/","name":"\u56de\u7535\u8bf7\u6c42 - Plastic Surgery Center","isPartOf":{"@id":"https:\/\/www.plasticsurgery.fi\/#website"},"datePublished":"2015-07-15T11:32:07+00:00","dateModified":"2024-06-10T09:24:16+00:00","breadcrumb":{"@id":"https:\/\/www.plasticsurgery.fi\/zh-hans\/konsultaatio\/cn-jata-soittopyynto\/#breadcrumb"},"inLanguage":"zh-Hans","potentialAction":[{"@type":"ReadAction","target":["https:\/\/www.plasticsurgery.fi\/zh-hans\/konsultaatio\/cn-jata-soittopyynto\/"]}]},{"@type":"BreadcrumbList","@id":"https:\/\/www.plasticsurgery.fi\/zh-hans\/konsultaatio\/cn-jata-soittopyynto\/#breadcrumb","itemListElement":[{"@type":"ListItem","position":1,"name":"Home","item":"https:\/\/www.plasticsurgery.fi\/zh-hans\/"},{"@type":"ListItem","position":2,"name":"\u54a8\u8be2","item":"https:\/\/www.plasticsurgery.fi\/zh-hans\/konsultaatio\/"},{"@type":"ListItem","position":3,"name":"\u56de\u7535\u8bf7\u6c42"}]},{"@type":"WebSite","@id":"https:\/\/www.plasticsurgery.fi\/#website","url":"https:\/\/www.plasticsurgery.fi\/","name":"Plastic Surgery Center","description":"Art of Attraction","potentialAction":[{"@type":"SearchAction","target":{"@type":"EntryPoint","urlTemplate":"https:\/\/www.plasticsurgery.fi\/?s={search_term_string}"},"query-input":{"@type":"PropertyValueSpecification","valueRequired":true,"valueName":"search_term_string"}}],"inLanguage":"zh-Hans"}]}},"_links":{"self":[{"href":"https:\/\/www.plasticsurgery.fi\/zh-hans\/wp-json\/wp\/v2\/pages\/6387","targetHints":{"allow":["GET"]}}],"collection":[{"href":"https:\/\/www.plasticsurgery.fi\/zh-hans\/wp-json\/wp\/v2\/pages"}],"about":[{"href":"https:\/\/www.plasticsurgery.fi\/zh-hans\/wp-json\/wp\/v2\/types\/page"}],"author":[{"embeddable":true,"href":"https:\/\/www.plasticsurgery.fi\/zh-hans\/wp-json\/wp\/v2\/users\/1"}],"replies":[{"embeddable":true,"href":"https:\/\/www.plasticsurgery.fi\/zh-hans\/wp-json\/wp\/v2\/comments?post=6387"}],"version-history":[{"count":5,"href":"https:\/\/www.plasticsurgery.fi\/zh-hans\/wp-json\/wp\/v2\/pages\/6387\/revisions"}],"predecessor-version":[{"id":6782,"href":"https:\/\/www.plasticsurgery.fi\/zh-hans\/wp-json\/wp\/v2\/pages\/6387\/revisions\/6782"}],"up":[{"embeddable":true,"href":"https:\/\/www.plasticsurgery.fi\/zh-hans\/wp-json\/wp\/v2\/pages\/6374"}],"wp:attachment":[{"href":"https:\/\/www.plasticsurgery.fi\/zh-hans\/wp-json\/wp\/v2\/media?parent=6387"}],"curies":[{"name":"wp","href":"https:\/\/api.w.org\/{rel}","templated":true}]}}