{"id":6389,"date":"2015-06-30T17:33:38","date_gmt":"2015-06-30T15:33:38","guid":{"rendered":"https:\/\/www.plasticsurgery.fi\/?page_id=6389"},"modified":"2024-06-10T11:34:17","modified_gmt":"2024-06-10T09:34:17","slug":"cn-plastic-surgery-centerin-rahoitusvaihtoehdot","status":"publish","type":"page","link":"https:\/\/www.plasticsurgery.fi\/zh-hans\/cn-plastic-surgery-centerin-rahoitusvaihtoehdot\/","title":{"rendered":"\u6211\u4eec\u6709\u5173\u4ed8\u6b3e\u65b9\u5f0f\u7684\u9009\u62e9"},"content":{"rendered":"<h3 class=\"maksu\"><span style=\"color: #000000\">\u5f53\u60a8\u60f3\u5206\u671f\u4ed8\u6b3e\u65f6<\/span><\/h3>\n<p><span style=\"color: #000000\">\u8fd9\u662f\u4e00\u79cd\u66f4\u7075\u6d3b\u7684\u4ed8\u6b3e\u65b9\u5f0f\u3002 \u60a8\u53ef\u4ee5\u9009\u62e9\u4fbf\u5229\u8f7b\u677e\u7684\u5206\u671f\u4ed8\u6b3e\uff0c\u5e76\u81ea\u884c\u9009\u62e9\u6bcf\u6708\u5206\u671f\u4ed8\u6b3e\u989d\u5ea6\u7684\u5927\u5c0f\u3002 \u60a8\u53ef\u4ee5\u4f7f\u7528\u4e0b\u9762\u7684\u94fe\u63a5\u8f7b\u677e\u5730\u5728\u8bca\u6240\u7533\u8bf7<span style=\"font-family: Liberation Serif, serif\"><span lang=\"en-GB\">PSC<\/span><\/span>\u5206\u671f\u4ed8\u6b3e\u6216<span style=\"font-family: Liberation Serif, serif\"><span lang=\"en-GB\">PSC<\/span><\/span>\u62a4\u7406\u7231\u5fc3\u5e10\u6237\uff0c\u4e5f\u53ef\u4ee5\u5728\u5bb6\u91cc\u8f7b\u677e\u5730\u8fdb\u884c\u4fe1\u8d37\u7533\u8bf7\u3002\u8d37\u65b9\u662f<span style=\"font-family: Liberation Serif, serif\"><span lang=\"en-GB\">Resurs Bank AB<\/span><\/span>\u7684\u82ac\u5170\u5206\u884c\u3002<\/span><\/p>\n<article class=\"maksu\">\n<h3>RESURS<span style=\"color: #000000\">\u94f6\u884c\u878d\u8d44\u7684\u597d\u5904<\/span><\/h3>\n<ul>\n<li><span style=\"color: #000000\">\u8d2d\u4e70\u65f6\u65e0\u9700\u652f\u4ed8\u4efb\u4f55\u8d39\u7528\uff1b\u53d1\u7968\u5c06\u5728\u6d88\u8d39\u8fd9\u4e2a\u6708\u4efd\u540e\u7684\u6708\u5e95\u90ae\u5bc4\u5230\u60a8\u5bb6\u4e2d\uff0c\u4f7f\u60a8\u53ef\u4ee5\u9009\u62e9\u6700\u9002\u5408\u81ea\u5df1\u7684\u4ed8\u6b3e\u65b9\u5f0f\u3002<\/span><\/li>\n<li><span style=\"color: #000000\"> \u60a8\u5c06\u59cb\u7ec8\u83b7\u5f97<span style=\"font-family: Liberation Serif, serif\"><span lang=\"en-GB\">30-60<\/span><\/span>\u5929\u7684\u65e0\u6d88\u8d39\u548c\u65e0\u606f\u4ed8\u6b3e\u3002<\/span><\/li>\n<li><span style=\"color: #000000\"> \u60a8\u8fd8\u53ef\u4ee5\u628a\u6d88\u8d39\u989d\u5ea6\u5206\u5272\u5728\u66f4\u957f\u7684\u671f\u9650\u8fdb\u884c\u4ed8\u6b3e\uff08\u4f8b\u5982\u4e09\u4e2a\u6708\u65e0\u606f\u4ed8\u6b3e\uff09\u3002<\/span><\/li>\n<li><span style=\"color: #000000\"> \u60a8\u8fd8\u53ef\u4ee5\u9009\u62e9<span style=\"font-family: Liberation Serif, serif\"><span lang=\"en-GB\">12<\/span><\/span>\u6216<span style=\"font-family: Liberation Serif, serif\"><span lang=\"en-GB\">24<\/span><\/span>\u4e2a\u6708\u7684\u514d\u606f\u4ed8\u6b3e\u65b9\u5f0f<\/span><\/li>\n<\/ul>\n<\/article>\n<h2>PSC-ER\u00c4MAKSU<\/h2>\n<p>PSC-Er\u00e4maksu tarjoaa Sinulle mahdollisuuden maksaa samaa <strong>kiinte\u00e4\u00e4 kuukausier\u00e4\u00e4<\/strong> riippumatta ostostesi m\u00e4\u00e4r\u00e4st\u00e4. Halutessasi voit my\u00f6s maksaa koko summan kerralla. Maksettuasi luottosaldosi kokonaan, tili on kuluttomasti k\u00e4yt\u00f6ss\u00e4si my\u00f6s tulevia ostoja varten.<\/p>\n<ul>\n<li>Kiinte\u00e4 hinta joka kuukausi<\/li>\n<li>Valitset kussakin kuussa, haluatko lyhent\u00e4\u00e4 velkaa 99\u20ac tai 149\u20ac<\/li>\n<li>Kuukausier\u00e4 pysyy samana, vaikka ostoja tulisi lis\u00e4\u00e4, t\u00e4ll\u00f6in laina-aika pitenee<\/li>\n<li>Luottoa jopa 6\u00a0000 euroon saakka<\/li>\n<\/ul>\n<p><a href=\"https:\/\/www.plasticsurgery.fi\/wp-content\/uploads\/2020\/11\/psc-era.png\"><img loading=\"lazy\" decoding=\"async\" class=\"alignnone wp-image-5299 size-full\" src=\"https:\/\/www.plasticsurgery.fi\/wp-content\/uploads\/2020\/11\/psc-era.png\" alt=\"\" width=\"1071\" height=\"438\" srcset=\"https:\/\/www.plasticsurgery.fi\/wp-content\/uploads\/2020\/11\/psc-era.png 1071w, https:\/\/www.plasticsurgery.fi\/wp-content\/uploads\/2020\/11\/psc-era-980x401.png 980w, https:\/\/www.plasticsurgery.fi\/wp-content\/uploads\/2020\/11\/psc-era-480x196.png 480w\" sizes=\"(min-width: 0px) and (max-width: 480px) 480px, (min-width: 481px) and (max-width: 980px) 980px, (min-width: 981px) 1071px, 100vw\" \/><\/a><\/p>\n<h3><a href=\"https:\/\/apponline.resurs.com\/form\/fi290tw\"><strong><u>T\u00e4yt\u00e4 PSC Er\u00e4maksu-hakemus t\u00e4st\u00e4<\/u><\/strong> <\/a><\/h3>\n<p>Saat luottop\u00e4\u00e4t\u00f6ksen heti ja tilin k\u00e4ytt\u00f6\u00f6si, kun olet allekirjoittanut luottosopimuksen s\u00e4hk\u00f6isesti TUPAS-varmenteella. T\u00e4m\u00e4n j\u00e4lkeen voit asioida toimipisteess\u00e4 n\u00e4ytt\u00e4m\u00e4ll\u00e4 voimassa olevan henkil\u00f6todistuksen.<\/p>\n<p><span style=\"color: #000000\">\u5982\u679c\u60a8\u5bf9\u7533\u8bf7\u8d44\u91d1\u9009\u62e9\u6216\u5e10\u6237\u6761\u6b3e\u6709\u4efb\u4f55\u7591\u95ee\uff0c\u8bf7\u8054\u7cfb<span style=\"font-family: Liberation Serif, serif\"><span lang=\"en-GB\">Resurs Bank<\/span><\/span>\u7684\u5ba2\u6237\u670d\u52a1\u7535\u8bdd\u3002 <span style=\"font-family: Liberation Serif, serif\"><span lang=\"en-GB\">+358 9 622 4308<\/span><\/span>\uff08\u5468\u4e00\u81f3\u5468\u4e94\u4e0a\u5348<span style=\"font-family: Liberation Serif, serif\"><span lang=\"en-GB\">8<\/span><\/span>\u70b9\u81f3\u4e0b\u5348<span style=\"font-family: Liberation Serif, serif\"><span lang=\"en-GB\">6<\/span><\/span>\u70b9\uff09\u3002<\/span><\/p>\n<h2>PSC-HOITOTILI<\/h2>\n<p>PSC Hoitotilill\u00e4 p\u00e4\u00e4t\u00e4t itse miss\u00e4 tahdissa haluat maksaa ostoksesi. Laskun saatuasi voit maksaa koko summan kerralla tai valita sinulle sopivimman maksuvaihtoehdon. Maksuohjelmasta toiseen vaihtaminen on helppoa ja voit jatkossakin valita kuukausittaiseen tilanteeseesi sopivimman vaihtoehdon.<\/p>\n<ul>\n<li>30-60 p\u00e4iv\u00e4\u00e4 ilman kuluja ja korkoa<\/li>\n<li><strong>Jopa 24 kk korotonta maksuaikaa<\/strong><\/li>\n<li>Tili soveltuu my\u00f6s jatko-ostoihin, k\u00e4tev\u00e4sti ilman uutta luottohakemusta<\/li>\n<li>Luottoa jopa 10\u00a0000 euroon saakka<\/li>\n<\/ul>\n<p><a href=\"https:\/\/www.plasticsurgery.fi\/wp-content\/uploads\/2020\/11\/psc-osa.png\"><img loading=\"lazy\" decoding=\"async\" class=\"alignnone wp-image-5303 size-full\" src=\"https:\/\/www.plasticsurgery.fi\/wp-content\/uploads\/2020\/11\/psc-osa.png\" alt=\"\" width=\"512\" height=\"838\" srcset=\"https:\/\/www.plasticsurgery.fi\/wp-content\/uploads\/2020\/11\/psc-osa.png 512w, https:\/\/www.plasticsurgery.fi\/wp-content\/uploads\/2020\/11\/psc-osa-480x786.png 480w\" sizes=\"(min-width: 0px) and (max-width: 480px) 480px, (min-width: 481px) 512px, 100vw\" \/><\/a><\/p>\n<h3><a href=\"https:\/\/apponline.resurs.com\/form\/fi290\"><strong><u>T\u00e4yt\u00e4 PSC Hoitotili-hakemus t\u00e4st\u00e4<\/u><\/strong> <\/a><\/h3>\n<p>Saat luottop\u00e4\u00e4t\u00f6ksen heti ja tilin k\u00e4ytt\u00f6\u00f6si, kun olet allekirjoittanut luottosopimuksen s\u00e4hk\u00f6isesti TUPAS-varmenteella. T\u00e4m\u00e4n j\u00e4lkeen voit asioida toimipisteess\u00e4 n\u00e4ytt\u00e4m\u00e4ll\u00e4 voimassa olevan henkil\u00f6todistuksen.<\/p>\n<p><span style=\"color: #000000\">\u5982\u679c\u60a8\u5bf9\u7533\u8bf7\u8d44\u91d1\u9009\u62e9\u6216\u5e10\u6237\u6761\u6b3e\u6709\u4efb\u4f55\u7591\u95ee\uff0c\u8bf7\u8054\u7cfb<span style=\"font-family: Liberation Serif, serif\"><span lang=\"en-GB\">Resurs Bank<\/span><\/span>\u7684\u5ba2\u6237\u670d\u52a1\u7535\u8bdd\u3002 <span style=\"font-family: Liberation Serif, serif\"><span lang=\"en-GB\">+358 9 622 4308<\/span><\/span>\uff08\u5468\u4e00\u81f3\u5468\u4e94\u4e0a\u5348<span style=\"font-family: Liberation Serif, serif\"><span lang=\"en-GB\">8<\/span><\/span>\u70b9\u81f3\u4e0b\u5348<span style=\"font-family: Liberation Serif, serif\"><span lang=\"en-GB\">6<\/span><\/span>\u70b9\uff09\u3002<\/span><\/p>\n<p><a href=\"https:\/\/www.plasticsurgery.fi\/wp-content\/uploads\/2020\/11\/rb.png\"><img loading=\"lazy\" decoding=\"async\" class=\"alignnone wp-image-5307 size-full\" src=\"https:\/\/www.plasticsurgery.fi\/wp-content\/uploads\/2020\/11\/rb.png\" alt=\"\" width=\"119\" height=\"62\" \/><\/a><\/p>\n<h3 class=\"maksu\"><a href='https:\/\/apponline.resurs.com\/form\/fi290' class='small-button smallgreen'>T\u00e4yt\u00e4 luottohakemus t\u00e4\u00e4ll\u00e4<\/a> <a href='https:\/\/apponline.resurs.com\/form\/fi290tw' class='small-button smallgreen'>T\u00e4yt\u00e4 er\u00e4maksuhakemus t\u00e4\u00e4ll\u00e4<\/a><\/h3>\n","protected":false},"excerpt":{"rendered":"<p>\u5f53\u60a8\u60f3\u5206\u671f\u4ed8\u6b3e\u65f6 \u8fd9\u662f\u4e00\u79cd\u66f4\u7075\u6d3b\u7684\u4ed8\u6b3e\u65b9\u5f0f\u3002 \u60a8\u53ef\u4ee5\u9009\u62e9\u4fbf\u5229\u8f7b\u677e\u7684\u5206\u671f\u4ed8\u6b3e\uff0c\u5e76\u81ea\u884c\u9009\u62e9\u6bcf\u6708\u5206\u671f\u4ed8\u6b3e\u989d\u5ea6\u7684\u5927\u5c0f\u3002 [&hellip;]<\/p>\n","protected":false},"author":1,"featured_media":0,"parent":0,"menu_order":0,"comment_status":"closed","ping_status":"open","template":"","meta":{"_et_pb_use_builder":"on","_et_pb_old_content":"","_et_gb_content_width":"","footnotes":""},"class_list":["post-6389","page","type-page","status-publish","hentry"],"yoast_head":"<!-- This site is optimized with the Yoast SEO plugin v26.8 - https:\/\/yoast.com\/product\/yoast-seo-wordpress\/ -->\n<title>\u6211\u4eec\u6709\u5173\u4ed8\u6b3e\u65b9\u5f0f\u7684\u9009\u62e9 - Plastic Surgery Center<\/title>\n<meta name=\"robots\" content=\"index, follow, max-snippet:-1, max-image-preview:large, max-video-preview:-1\" \/>\n<link rel=\"canonical\" href=\"https:\/\/www.plasticsurgery.fi\/zh-hans\/cn-plastic-surgery-centerin-rahoitusvaihtoehdot\/\" \/>\n<meta property=\"og:locale\" content=\"zh_CN\" \/>\n<meta property=\"og:type\" content=\"article\" \/>\n<meta property=\"og:title\" content=\"\u6211\u4eec\u6709\u5173\u4ed8\u6b3e\u65b9\u5f0f\u7684\u9009\u62e9 - Plastic Surgery Center\" \/>\n<meta property=\"og:description\" content=\"\u5f53\u60a8\u60f3\u5206\u671f\u4ed8\u6b3e\u65f6 \u8fd9\u662f\u4e00\u79cd\u66f4\u7075\u6d3b\u7684\u4ed8\u6b3e\u65b9\u5f0f\u3002 \u60a8\u53ef\u4ee5\u9009\u62e9\u4fbf\u5229\u8f7b\u677e\u7684\u5206\u671f\u4ed8\u6b3e\uff0c\u5e76\u81ea\u884c\u9009\u62e9\u6bcf\u6708\u5206\u671f\u4ed8\u6b3e\u989d\u5ea6\u7684\u5927\u5c0f\u3002 [&hellip;]\" \/>\n<meta property=\"og:url\" content=\"https:\/\/www.plasticsurgery.fi\/zh-hans\/cn-plastic-surgery-centerin-rahoitusvaihtoehdot\/\" \/>\n<meta property=\"og:site_name\" content=\"Plastic Surgery Center\" \/>\n<meta property=\"article:modified_time\" content=\"2024-06-10T09:34:17+00:00\" \/>\n<meta property=\"og:image\" content=\"https:\/\/www.plasticsurgery.fi\/wp-content\/uploads\/2020\/11\/psc-era.png\" \/>\n<meta name=\"twitter:card\" content=\"summary_large_image\" \/>\n<meta name=\"twitter:label1\" content=\"\u9884\u8ba1\u9605\u8bfb\u65f6\u95f4\" \/>\n\t<meta name=\"twitter:data1\" content=\"1 \u5206\" \/>\n<script type=\"application\/ld+json\" class=\"yoast-schema-graph\">{\"@context\":\"https:\/\/schema.org\",\"@graph\":[{\"@type\":\"WebPage\",\"@id\":\"https:\/\/www.plasticsurgery.fi\/zh-hans\/cn-plastic-surgery-centerin-rahoitusvaihtoehdot\/\",\"url\":\"https:\/\/www.plasticsurgery.fi\/zh-hans\/cn-plastic-surgery-centerin-rahoitusvaihtoehdot\/\",\"name\":\"\u6211\u4eec\u6709\u5173\u4ed8\u6b3e\u65b9\u5f0f\u7684\u9009\u62e9 - Plastic Surgery Center\",\"isPartOf\":{\"@id\":\"https:\/\/www.plasticsurgery.fi\/#website\"},\"primaryImageOfPage\":{\"@id\":\"https:\/\/www.plasticsurgery.fi\/zh-hans\/cn-plastic-surgery-centerin-rahoitusvaihtoehdot\/#primaryimage\"},\"image\":{\"@id\":\"https:\/\/www.plasticsurgery.fi\/zh-hans\/cn-plastic-surgery-centerin-rahoitusvaihtoehdot\/#primaryimage\"},\"thumbnailUrl\":\"https:\/\/www.plasticsurgery.fi\/wp-content\/uploads\/2020\/11\/psc-era.png\",\"datePublished\":\"2015-06-30T15:33:38+00:00\",\"dateModified\":\"2024-06-10T09:34:17+00:00\",\"breadcrumb\":{\"@id\":\"https:\/\/www.plasticsurgery.fi\/zh-hans\/cn-plastic-surgery-centerin-rahoitusvaihtoehdot\/#breadcrumb\"},\"inLanguage\":\"zh-Hans\",\"potentialAction\":[{\"@type\":\"ReadAction\",\"target\":[\"https:\/\/www.plasticsurgery.fi\/zh-hans\/cn-plastic-surgery-centerin-rahoitusvaihtoehdot\/\"]}]},{\"@type\":\"ImageObject\",\"inLanguage\":\"zh-Hans\",\"@id\":\"https:\/\/www.plasticsurgery.fi\/zh-hans\/cn-plastic-surgery-centerin-rahoitusvaihtoehdot\/#primaryimage\",\"url\":\"https:\/\/www.plasticsurgery.fi\/wp-content\/uploads\/2020\/11\/psc-era.png\",\"contentUrl\":\"https:\/\/www.plasticsurgery.fi\/wp-content\/uploads\/2020\/11\/psc-era.png\"},{\"@type\":\"BreadcrumbList\",\"@id\":\"https:\/\/www.plasticsurgery.fi\/zh-hans\/cn-plastic-surgery-centerin-rahoitusvaihtoehdot\/#breadcrumb\",\"itemListElement\":[{\"@type\":\"ListItem\",\"position\":1,\"name\":\"Home\",\"item\":\"https:\/\/www.plasticsurgery.fi\/zh-hans\/\"},{\"@type\":\"ListItem\",\"position\":2,\"name\":\"\u6211\u4eec\u6709\u5173\u4ed8\u6b3e\u65b9\u5f0f\u7684\u9009\u62e9\"}]},{\"@type\":\"WebSite\",\"@id\":\"https:\/\/www.plasticsurgery.fi\/#website\",\"url\":\"https:\/\/www.plasticsurgery.fi\/\",\"name\":\"Plastic Surgery Center\",\"description\":\"Art of Attraction\",\"potentialAction\":[{\"@type\":\"SearchAction\",\"target\":{\"@type\":\"EntryPoint\",\"urlTemplate\":\"https:\/\/www.plasticsurgery.fi\/?s={search_term_string}\"},\"query-input\":{\"@type\":\"PropertyValueSpecification\",\"valueRequired\":true,\"valueName\":\"search_term_string\"}}],\"inLanguage\":\"zh-Hans\"}]}<\/script>\n<!-- \/ Yoast SEO plugin. -->","yoast_head_json":{"title":"\u6211\u4eec\u6709\u5173\u4ed8\u6b3e\u65b9\u5f0f\u7684\u9009\u62e9 - Plastic Surgery Center","robots":{"index":"index","follow":"follow","max-snippet":"max-snippet:-1","max-image-preview":"max-image-preview:large","max-video-preview":"max-video-preview:-1"},"canonical":"https:\/\/www.plasticsurgery.fi\/zh-hans\/cn-plastic-surgery-centerin-rahoitusvaihtoehdot\/","og_locale":"zh_CN","og_type":"article","og_title":"\u6211\u4eec\u6709\u5173\u4ed8\u6b3e\u65b9\u5f0f\u7684\u9009\u62e9 - Plastic Surgery Center","og_description":"\u5f53\u60a8\u60f3\u5206\u671f\u4ed8\u6b3e\u65f6 \u8fd9\u662f\u4e00\u79cd\u66f4\u7075\u6d3b\u7684\u4ed8\u6b3e\u65b9\u5f0f\u3002 \u60a8\u53ef\u4ee5\u9009\u62e9\u4fbf\u5229\u8f7b\u677e\u7684\u5206\u671f\u4ed8\u6b3e\uff0c\u5e76\u81ea\u884c\u9009\u62e9\u6bcf\u6708\u5206\u671f\u4ed8\u6b3e\u989d\u5ea6\u7684\u5927\u5c0f\u3002 [&hellip;]","og_url":"https:\/\/www.plasticsurgery.fi\/zh-hans\/cn-plastic-surgery-centerin-rahoitusvaihtoehdot\/","og_site_name":"Plastic Surgery Center","article_modified_time":"2024-06-10T09:34:17+00:00","og_image":[{"url":"https:\/\/www.plasticsurgery.fi\/wp-content\/uploads\/2020\/11\/psc-era.png","type":"","width":"","height":""}],"twitter_card":"summary_large_image","twitter_misc":{"\u9884\u8ba1\u9605\u8bfb\u65f6\u95f4":"1 \u5206"},"schema":{"@context":"https:\/\/schema.org","@graph":[{"@type":"WebPage","@id":"https:\/\/www.plasticsurgery.fi\/zh-hans\/cn-plastic-surgery-centerin-rahoitusvaihtoehdot\/","url":"https:\/\/www.plasticsurgery.fi\/zh-hans\/cn-plastic-surgery-centerin-rahoitusvaihtoehdot\/","name":"\u6211\u4eec\u6709\u5173\u4ed8\u6b3e\u65b9\u5f0f\u7684\u9009\u62e9 - Plastic Surgery Center","isPartOf":{"@id":"https:\/\/www.plasticsurgery.fi\/#website"},"primaryImageOfPage":{"@id":"https:\/\/www.plasticsurgery.fi\/zh-hans\/cn-plastic-surgery-centerin-rahoitusvaihtoehdot\/#primaryimage"},"image":{"@id":"https:\/\/www.plasticsurgery.fi\/zh-hans\/cn-plastic-surgery-centerin-rahoitusvaihtoehdot\/#primaryimage"},"thumbnailUrl":"https:\/\/www.plasticsurgery.fi\/wp-content\/uploads\/2020\/11\/psc-era.png","datePublished":"2015-06-30T15:33:38+00:00","dateModified":"2024-06-10T09:34:17+00:00","breadcrumb":{"@id":"https:\/\/www.plasticsurgery.fi\/zh-hans\/cn-plastic-surgery-centerin-rahoitusvaihtoehdot\/#breadcrumb"},"inLanguage":"zh-Hans","potentialAction":[{"@type":"ReadAction","target":["https:\/\/www.plasticsurgery.fi\/zh-hans\/cn-plastic-surgery-centerin-rahoitusvaihtoehdot\/"]}]},{"@type":"ImageObject","inLanguage":"zh-Hans","@id":"https:\/\/www.plasticsurgery.fi\/zh-hans\/cn-plastic-surgery-centerin-rahoitusvaihtoehdot\/#primaryimage","url":"https:\/\/www.plasticsurgery.fi\/wp-content\/uploads\/2020\/11\/psc-era.png","contentUrl":"https:\/\/www.plasticsurgery.fi\/wp-content\/uploads\/2020\/11\/psc-era.png"},{"@type":"BreadcrumbList","@id":"https:\/\/www.plasticsurgery.fi\/zh-hans\/cn-plastic-surgery-centerin-rahoitusvaihtoehdot\/#breadcrumb","itemListElement":[{"@type":"ListItem","position":1,"name":"Home","item":"https:\/\/www.plasticsurgery.fi\/zh-hans\/"},{"@type":"ListItem","position":2,"name":"\u6211\u4eec\u6709\u5173\u4ed8\u6b3e\u65b9\u5f0f\u7684\u9009\u62e9"}]},{"@type":"WebSite","@id":"https:\/\/www.plasticsurgery.fi\/#website","url":"https:\/\/www.plasticsurgery.fi\/","name":"Plastic Surgery Center","description":"Art of Attraction","potentialAction":[{"@type":"SearchAction","target":{"@type":"EntryPoint","urlTemplate":"https:\/\/www.plasticsurgery.fi\/?s={search_term_string}"},"query-input":{"@type":"PropertyValueSpecification","valueRequired":true,"valueName":"search_term_string"}}],"inLanguage":"zh-Hans"}]}},"_links":{"self":[{"href":"https:\/\/www.plasticsurgery.fi\/zh-hans\/wp-json\/wp\/v2\/pages\/6389","targetHints":{"allow":["GET"]}}],"collection":[{"href":"https:\/\/www.plasticsurgery.fi\/zh-hans\/wp-json\/wp\/v2\/pages"}],"about":[{"href":"https:\/\/www.plasticsurgery.fi\/zh-hans\/wp-json\/wp\/v2\/types\/page"}],"author":[{"embeddable":true,"href":"https:\/\/www.plasticsurgery.fi\/zh-hans\/wp-json\/wp\/v2\/users\/1"}],"replies":[{"embeddable":true,"href":"https:\/\/www.plasticsurgery.fi\/zh-hans\/wp-json\/wp\/v2\/comments?post=6389"}],"version-history":[{"count":4,"href":"https:\/\/www.plasticsurgery.fi\/zh-hans\/wp-json\/wp\/v2\/pages\/6389\/revisions"}],"predecessor-version":[{"id":10210,"href":"https:\/\/www.plasticsurgery.fi\/zh-hans\/wp-json\/wp\/v2\/pages\/6389\/revisions\/10210"}],"wp:attachment":[{"href":"https:\/\/www.plasticsurgery.fi\/zh-hans\/wp-json\/wp\/v2\/media?parent=6389"}],"curies":[{"name":"wp","href":"https:\/\/api.w.org\/{rel}","templated":true}]}}